{"id":610,"date":"2019-01-03T14:00:12","date_gmt":"2019-01-03T14:00:12","guid":{"rendered":"https:\/\/thestorage.fr\/?page_id=610"},"modified":"2019-01-08T13:03:27","modified_gmt":"2019-01-08T13:03:27","slug":"expositions","status":"publish","type":"page","link":"https:\/\/www.thestorage.fr\/en\/les-artistes\/philippe-pasqua\/expositions\/","title":{"rendered":"EXPOSITIONS"},"content":{"rendered":"<div class=\"wpb-content-wrapper\"><p>[vc_row][vc_column width=&#8221;1\/2&#8243;][vc_custom_heading text=&#8221;EXPOSITIONS PERSONNELLES&#8221; font_container=&#8221;tag:h2|text_align:center&#8221; use_theme_fonts=&#8221;yes&#8221;][vc_empty_space height=&#8221;70px&#8221;][vc_column_text css=&#8221;.vc_custom_1546524009594{margin-top: -40px !important;}&#8221;]<\/p>\n<ul>\n<li style=\"text-align: left;\"><strong>2018<br \/>\n<\/strong><em>Allegoria<\/em>, Domaine de Chamarande, Chamarande, France<br \/>\n<em>Versus,<\/em> The Storage, Saint-Ouen l\u2019Aum\u00f4ne, France<\/li>\n<\/ul>\n<ul style=\"text-align: left;\">\n<li><strong>2017<br \/>\n<\/strong><em>Borderline<\/em>, Mus\u00e9e Oc\u00e9anographique de Monaco, Monaco<br \/>\n<em>Recomposition<\/em>, Galerie RX, Paris, France<br \/>\n<em>Momento Mori<\/em>, Zemack Contemporary Art, Tel Aviv, Isra\u00ebl<\/li>\n<\/ul>\n<ul style=\"text-align: left;\">\n<li><strong>2015<br \/>\n<\/strong>Domaine de Chambord, France<br \/>\n<em>Philippe Pasqua, Peinture, Dessin et Sculpture<\/em>, Art Stage Singapour, Singapour<\/li>\n<\/ul>\n<ul style=\"text-align: left;\">\n<li><strong>2012<br \/>\n<\/strong>Fondation Fernet-Branca, Saint-Louis, France<br \/>\nGalerie RX, Paris, France<br \/>\nArt R\u00e9volution Taipei, Taiwan<br \/>\n<em>Work in Progress<\/em>, The Storage, Saint-Ouen l\u2019Aum\u00f4ne, France<br \/>\nGallery Hyundai, S\u00e9oul, Cor\u00e9e du Sud<\/li>\n<\/ul>\n<ul style=\"text-align: left;\">\n<li><strong>2011<br \/>\n<\/strong>604 Gallery, Busan, Cor\u00e9e<br \/>\nS<em>ilence<\/em>, The Storage, Saint-Ouen l\u2019Aum\u00f4ne, France<br \/>\nArt Paris, Galerie Strouk, Paris, France<\/li>\n<\/ul>\n<ul style=\"text-align: left;\">\n<li><strong>2010<br \/>\n<\/strong><em>Mea Culpa<\/em>, The Storage, Saint-Ouen l\u2019Aum\u00f4ne, France<br \/>\n<em>Palimpsestes<\/em>, Galerie Laurent Strouck, Paris, France<br \/>\nMoscow Museum of Modern Art, Moscou, Russie<br \/>\n<em>Stiftung Ahlers Pro Arte<\/em>, Hannover, Allemagne<br \/>\n<em>Cr\u00e2ne<\/em>, ArtCurial, Paris, France<br \/>\n<em>Painting and Drawing<\/em>, Moscow Museum of Modern Art, Russie<\/li>\n<\/ul>\n<ul style=\"text-align: left;\">\n<li><strong>2009<br \/>\n<\/strong>Fondation Ahlers, Hanovre, Allemagne<br \/>\nCr\u00e2ne, Art Curial, Paris, France<br \/>\n<em>Pulsion<\/em>, Galerie RX, Paris, France<\/li>\n<\/ul>\n<ul style=\"text-align: left;\">\n<li><strong>2006<br \/>\n<\/strong>Patrick Painter Gallery, Los Angeles, Etats-Unis<br \/>\nSpike Gallery, New-York, Etats-Unis<br \/>\nCentre Culturel de la ville de Metz, France<\/li>\n<\/ul>\n<ul style=\"text-align: left;\">\n<li><strong>2004<br \/>\n<\/strong><em>M\u00e9tamorphoses<\/em>, Galerie RX, Paris, France<\/li>\n<\/ul>\n<ul style=\"text-align: left;\">\n<li><strong>2003<br \/>\n<\/strong>Galerie Hengevoss D\u00fcrkop-Jensen, Hambourg, Allemagne<br \/>\n<em>Lucille<\/em>, Galerie RX, Paris, France<\/li>\n<\/ul>\n<ul style=\"text-align: left;\">\n<li><strong>2002<br \/>\n<\/strong><em>Les miroirs de l\u2019\u00e2me<\/em> (Portraits 1989-2001) Palais B\u00e9n\u00e9dictine, commissariat Erick OGE, F\u00e9camp, France<br \/>\n<em>Bloc<\/em>, Portrait Galerie Hengevoss-D\u00fcrkop, Hambourg, Allemagne<\/li>\n<\/ul>\n<ul style=\"text-align: left;\">\n<li><strong>2001<br \/>\n<\/strong><em>Trauma<\/em>, Galerie Hengevoss D\u00fcrkop-Jensen, Hambourg, Allemagne<\/li>\n<\/ul>\n<ul style=\"text-align: left;\">\n<li><strong>1999<br \/>\n<\/strong>Galerie Lucien Durand, Paris, France<br \/>\n<em>La Machine \u00e0 Eau<\/em>, Centre d&#8217;art contemporain de Mons, Belgique<\/li>\n<\/ul>\n<ul style=\"text-align: left;\">\n<li><strong>1998<br \/>\n<\/strong>Espace Yvonamor Palix, Mexico City, Mexique<\/li>\n<\/ul>\n<ul style=\"text-align: left;\">\n<li><strong>1996<br \/>\n<\/strong>Galerie Boulakia, Paris, France<\/li>\n<\/ul>\n<ul style=\"text-align: left;\">\n<li><strong>1995<br \/>\n<\/strong>Ch\u00e2teau de Grouchy, France<br \/>\nEspace Dautzenberg, Bruxelles, Belgique<br \/>\nThe International Center, Detroit, Etats-Unis<\/li>\n<\/ul>\n<ul style=\"text-align: left;\">\n<li><strong>1991<br \/>\n<\/strong>Galerie Woo Mang et Partners, Paris, France<\/li>\n<\/ul>\n<ul>\n<li style=\"text-align: left;\"><strong>1990<br \/>\n<\/strong>Espace Confluence, Paris, France<\/li>\n<\/ul>\n<p>[\/vc_column_text][\/vc_column][vc_column width=&#8221;1\/2&#8243;][vc_custom_heading text=&#8221;EXPOSITIONS COLLECTIVES&#8221; font_container=&#8221;tag:h2|text_align:center&#8221; use_theme_fonts=&#8221;yes&#8221;][vc_empty_space height=&#8221;70px&#8221;][vc_column_text css=&#8221;.vc_custom_1546523992709{margin-top: -40px !important;}&#8221;]<\/p>\n<ul>\n<li style=\"text-align: left;\"><strong>2016<br \/>\n<\/strong><em>Winter<\/em>, Galerie RX, Paris, France<\/li>\n<\/ul>\n<ul style=\"text-align: left;\">\n<li style=\"text-align: left;\"><strong>2015<br \/>\n<\/strong>Collection Luciano Benetton, Centre d\u2019art contemporain M\u00e0laga, Espagne<\/li>\n<\/ul>\n<ul style=\"text-align: left;\">\n<li style=\"text-align: left;\"><strong>2012<br \/>\n<\/strong><em>Plaisir<\/em>, Galerie RX, Paris, France<br \/>\n<em>Damien Hirst vs Philippe Pasqua<\/em>, Galerie Laurent Strouk, Paris, France<\/li>\n<\/ul>\n<ul style=\"text-align: left;\">\n<li style=\"text-align: left;\"><strong>2011<br \/>\n<\/strong><em>Drawing Now<\/em>, Galerie RX, Paris, France<\/li>\n<\/ul>\n<ul style=\"text-align: left;\">\n<li style=\"text-align: left;\"><strong>2010<\/strong><br \/>\n<em>New Era<\/em>, Galerie RX, Paris, France<br \/>\n<em>Vanit\u00e9<\/em>, Mus\u00e9e Maillol, Paris, France<\/li>\n<\/ul>\n<ul style=\"text-align: left;\">\n<li style=\"text-align: left;\"><strong>2006<br \/>\n<\/strong><em>Soutine and Modern Art<\/em>, Chem &amp; Read Gallery, New York, Etats-Unis<br \/>\nArt S\u00e9nat, S\u00e9nat, Paris, France. Commissariat\u00a0: Christian Gattinoni<br \/>\n<em>Quintessence II<\/em>, Ecole des Beaux-Arts, N\u00eemes, France<\/li>\n<\/ul>\n<ul style=\"text-align: left;\">\n<li style=\"text-align: left;\"><strong>2005<br \/>\n<\/strong><em>Quintessence<\/em>, Galerie RX, Paris, France<br \/>\nGalerie Hengevoss D\u00fcrkop, Hambourg, Allemagne<br \/>\n<em>Au-del\u00e0 du corps<\/em>, Biennale d\u2019art contemporain, Aixe-sur-Vienne, France<br \/>\n<em>A3<\/em>, Place Saint-Sulpice, Paris, France. Commissariat\u00a0: Sophie Actis<\/li>\n<\/ul>\n<ul style=\"text-align: left;\">\n<li style=\"text-align: left;\"><strong>2004<br \/>\n<\/strong><em>Beyond Paradise<\/em>, Galerie RX invit\u00e9e \u00e0 la Galerie Hengevoss D\u00fcrkop, Hambourg, Allemagne<br \/>\nArtistes contemporains des galeries du 8\u00e8 arrondissement, Paris, France<\/li>\n<\/ul>\n<ul style=\"text-align: left;\">\n<li style=\"text-align: left;\"><strong>2002<br \/>\n<\/strong><em>Inauguration<\/em>, Galerie RX, Paris, France<\/li>\n<\/ul>\n<ul style=\"text-align: left;\">\n<li style=\"text-align: left;\"><strong>2001<br \/>\n<\/strong><em>Face off<\/em>, Galerie Aeroplastics Damasquine, Bruxelles, Belgique<\/li>\n<\/ul>\n<ul style=\"text-align: left;\">\n<li style=\"text-align: left;\"><strong>2000<br \/>\n<\/strong><em>Narcisse bless\u00e9<\/em>, Passage du Retz, Paris, France. Commissariat\u00a0: Jean-Michel Ribettes<br \/>\n<em>Collages d\u2019hier et d\u2019aujourd\u2019hui<\/em>, Galerie Lucien Durand-Le Gaillard, Paris, France<\/li>\n<\/ul>\n<ul style=\"text-align: left;\">\n<li><strong>1999<br \/>\n<\/strong><em>F\u00e9tiches, f\u00e9tichismes<\/em>, Passage du Retz, Paris. Commissariat\u00a0: Jean-Michel Ribettes<br \/>\n<em>Na\u00e7o &amp; Friends<\/em>, Espace Via, Paris, France<\/li>\n<\/ul>\n<ul style=\"text-align: left;\">\n<li><strong>1998<br \/>\n<\/strong><em>80 artistes autour du Mondial<\/em>, Galerie Enrico Navarra, Paris, France<br \/>\n<em>Hygi\u00e8ne<\/em>, Espace d\u2019art Yvonamor Palix, Mexico et Paris, Mexique et France<br \/>\n<em>Hygi\u00e8ne<\/em>, Fondation La Source, La Gueroulde, France<br \/>\n<em>Collection Ahrenberg\u00a0: 50 ans d\u2019histoire de l\u2019art<\/em>, Mus\u00e9e des Beaux-Arts, Mons, Belgique. Commissariat\u00a0: Erick \u00d6ge<\/li>\n<\/ul>\n<ul style=\"text-align: left;\">\n<li><strong>1997<br \/>\n<\/strong><em>Trois visions de l\u2019art contemporain fran\u00e7ais<\/em>, Galerie Martini, Hong-Kong.\u00a0\u00a0 Commissariat\u00a0: Erick \u00d6ge<\/li>\n<\/ul>\n<ul style=\"text-align: left;\">\n<li><strong>1994<br \/>\n<\/strong>Association Aides, Espace Cardin, Paris, France<br \/>\n<em>Chaussures d\u2019artistes<\/em>, Fondation Miro, Barcelone, Espagne<\/li>\n<\/ul>\n<ul style=\"text-align: left;\">\n<li><strong>1992<br \/>\n<\/strong>Salon des Grands et Jeunes d\u2019aujourd\u2019hui, Paris, France<\/li>\n<\/ul>\n<ul>\n<li style=\"text-align: left;\"><strong>1990<br \/>\n<\/strong>Maison des arts de Beausset, Beausset, France<\/li>\n<\/ul>\n<p>[\/vc_column_text][\/vc_column][\/vc_row]<\/p>\n<\/div>","protected":false},"excerpt":{"rendered":"<p>[vc_row][vc_column width=&#8221;1\/2&#8243;][vc_custom_heading text=&#8221;EXPOSITIONS PERSONNELLES&#8221; font_container=&#8221;tag:h2|text_align:center&#8221; use_theme_fonts=&#8221;yes&#8221;][vc_empty_space height=&#8221;70px&#8221;][vc_column_text css=&#8221;.vc_custom_1546524009594{margin-top: -40px !important;}&#8221;] 2018 Allegoria, Domaine de Chamarande, Chamarande, France Versus, The Storage, Saint-Ouen l\u2019Aum\u00f4ne, France 2017 Borderline, Mus\u00e9e Oc\u00e9anographique de Monaco, Monaco Recomposition, Galerie RX, Paris, France Momento Mori, Zemack Contemporary Art, Tel Aviv, Isra\u00ebl 2015 Domaine de Chambord, France Philippe Pasqua, Peinture, Dessin et Sculpture, Art&hellip;<\/p>\n","protected":false},"author":2,"featured_media":0,"parent":387,"menu_order":0,"comment_status":"closed","ping_status":"closed","template":"","meta":{"_exactmetrics_skip_tracking":false,"_exactmetrics_sitenote_active":false,"_exactmetrics_sitenote_note":"","_exactmetrics_sitenote_category":0,"footnotes":""},"class_list":["post-610","page","type-page","status-publish","hentry","description-off"],"yoast_head":"<!-- This site is optimized with the Yoast SEO plugin v25.6 - https:\/\/yoast.com\/wordpress\/plugins\/seo\/ -->\n<title>EXPOSITIONS - thestorage.fr<\/title>\n<meta name=\"robots\" content=\"index, follow, max-snippet:-1, max-image-preview:large, max-video-preview:-1\" \/>\n<link rel=\"canonical\" href=\"https:\/\/www.thestorage.fr\/en\/les-artistes\/philippe-pasqua\/expositions\/\" \/>\n<meta property=\"og:locale\" content=\"en_US\" \/>\n<meta property=\"og:type\" content=\"article\" \/>\n<meta property=\"og:title\" content=\"EXPOSITIONS - thestorage.fr\" \/>\n<meta property=\"og:description\" content=\"[vc_row][vc_column width=&#8221;1\/2&#8243;][vc_custom_heading text=&#8221;EXPOSITIONS PERSONNELLES&#8221; font_container=&#8221;tag:h2|text_align:center&#8221; use_theme_fonts=&#8221;yes&#8221;][vc_empty_space height=&#8221;70px&#8221;][vc_column_text css=&#8221;.vc_custom_1546524009594{margin-top: -40px !important;}&#8221;] 2018 Allegoria, Domaine de Chamarande, Chamarande, France Versus, The Storage, Saint-Ouen l\u2019Aum\u00f4ne, France 2017 Borderline, Mus\u00e9e Oc\u00e9anographique de Monaco, Monaco Recomposition, Galerie RX, Paris, France Momento Mori, Zemack Contemporary Art, Tel Aviv, Isra\u00ebl 2015 Domaine de Chambord, France Philippe Pasqua, Peinture, Dessin et Sculpture, Art&hellip;\" \/>\n<meta property=\"og:url\" content=\"https:\/\/www.thestorage.fr\/en\/les-artistes\/philippe-pasqua\/expositions\/\" \/>\n<meta property=\"og:site_name\" content=\"thestorage.fr\" \/>\n<meta property=\"article:modified_time\" content=\"2019-01-08T13:03:27+00:00\" \/>\n<meta name=\"twitter:card\" content=\"summary_large_image\" \/>\n<meta name=\"twitter:label1\" content=\"Est. reading time\" \/>\n\t<meta name=\"twitter:data1\" content=\"3 minutes\" \/>\n<script type=\"application\/ld+json\" class=\"yoast-schema-graph\">{\"@context\":\"https:\/\/schema.org\",\"@graph\":[{\"@type\":\"WebPage\",\"@id\":\"https:\/\/www.thestorage.fr\/en\/les-artistes\/philippe-pasqua\/expositions\/\",\"url\":\"https:\/\/www.thestorage.fr\/en\/les-artistes\/philippe-pasqua\/expositions\/\",\"name\":\"EXPOSITIONS - thestorage.fr\",\"isPartOf\":{\"@id\":\"https:\/\/www.thestorage.fr\/en\/#website\"},\"datePublished\":\"2019-01-03T14:00:12+00:00\",\"dateModified\":\"2019-01-08T13:03:27+00:00\",\"breadcrumb\":{\"@id\":\"https:\/\/www.thestorage.fr\/en\/les-artistes\/philippe-pasqua\/expositions\/#breadcrumb\"},\"inLanguage\":\"en-US\",\"potentialAction\":[{\"@type\":\"ReadAction\",\"target\":[\"https:\/\/www.thestorage.fr\/en\/les-artistes\/philippe-pasqua\/expositions\/\"]}]},{\"@type\":\"BreadcrumbList\",\"@id\":\"https:\/\/www.thestorage.fr\/en\/les-artistes\/philippe-pasqua\/expositions\/#breadcrumb\",\"itemListElement\":[{\"@type\":\"ListItem\",\"position\":1,\"name\":\"Home\",\"item\":\"https:\/\/www.thestorage.fr\/\"},{\"@type\":\"ListItem\",\"position\":2,\"name\":\"LES ARTISTES\",\"item\":\"https:\/\/www.thestorage.fr\/en\/les-artistes\/\"},{\"@type\":\"ListItem\",\"position\":3,\"name\":\"philippe pasqua\",\"item\":\"https:\/\/www.thestorage.fr\/en\/les-artistes\/philippe-pasqua\/\"},{\"@type\":\"ListItem\",\"position\":4,\"name\":\"EXPOSITIONS\"}]},{\"@type\":\"WebSite\",\"@id\":\"https:\/\/www.thestorage.fr\/en\/#website\",\"url\":\"https:\/\/www.thestorage.fr\/en\/\",\"name\":\"thestorage.fr\",\"description\":\"\",\"potentialAction\":[{\"@type\":\"SearchAction\",\"target\":{\"@type\":\"EntryPoint\",\"urlTemplate\":\"https:\/\/www.thestorage.fr\/en\/?s={search_term_string}\"},\"query-input\":{\"@type\":\"PropertyValueSpecification\",\"valueRequired\":true,\"valueName\":\"search_term_string\"}}],\"inLanguage\":\"en-US\"}]}<\/script>\n<!-- \/ Yoast SEO plugin. -->","yoast_head_json":{"title":"EXPOSITIONS - thestorage.fr","robots":{"index":"index","follow":"follow","max-snippet":"max-snippet:-1","max-image-preview":"max-image-preview:large","max-video-preview":"max-video-preview:-1"},"canonical":"https:\/\/www.thestorage.fr\/en\/les-artistes\/philippe-pasqua\/expositions\/","og_locale":"en_US","og_type":"article","og_title":"EXPOSITIONS - thestorage.fr","og_description":"[vc_row][vc_column width=&#8221;1\/2&#8243;][vc_custom_heading text=&#8221;EXPOSITIONS PERSONNELLES&#8221; font_container=&#8221;tag:h2|text_align:center&#8221; use_theme_fonts=&#8221;yes&#8221;][vc_empty_space height=&#8221;70px&#8221;][vc_column_text css=&#8221;.vc_custom_1546524009594{margin-top: -40px !important;}&#8221;] 2018 Allegoria, Domaine de Chamarande, Chamarande, France Versus, The Storage, Saint-Ouen l\u2019Aum\u00f4ne, France 2017 Borderline, Mus\u00e9e Oc\u00e9anographique de Monaco, Monaco Recomposition, Galerie RX, Paris, France Momento Mori, Zemack Contemporary Art, Tel Aviv, Isra\u00ebl 2015 Domaine de Chambord, France Philippe Pasqua, Peinture, Dessin et Sculpture, Art&hellip;","og_url":"https:\/\/www.thestorage.fr\/en\/les-artistes\/philippe-pasqua\/expositions\/","og_site_name":"thestorage.fr","article_modified_time":"2019-01-08T13:03:27+00:00","twitter_card":"summary_large_image","twitter_misc":{"Est. reading time":"3 minutes"},"schema":{"@context":"https:\/\/schema.org","@graph":[{"@type":"WebPage","@id":"https:\/\/www.thestorage.fr\/en\/les-artistes\/philippe-pasqua\/expositions\/","url":"https:\/\/www.thestorage.fr\/en\/les-artistes\/philippe-pasqua\/expositions\/","name":"EXPOSITIONS - thestorage.fr","isPartOf":{"@id":"https:\/\/www.thestorage.fr\/en\/#website"},"datePublished":"2019-01-03T14:00:12+00:00","dateModified":"2019-01-08T13:03:27+00:00","breadcrumb":{"@id":"https:\/\/www.thestorage.fr\/en\/les-artistes\/philippe-pasqua\/expositions\/#breadcrumb"},"inLanguage":"en-US","potentialAction":[{"@type":"ReadAction","target":["https:\/\/www.thestorage.fr\/en\/les-artistes\/philippe-pasqua\/expositions\/"]}]},{"@type":"BreadcrumbList","@id":"https:\/\/www.thestorage.fr\/en\/les-artistes\/philippe-pasqua\/expositions\/#breadcrumb","itemListElement":[{"@type":"ListItem","position":1,"name":"Home","item":"https:\/\/www.thestorage.fr\/"},{"@type":"ListItem","position":2,"name":"LES ARTISTES","item":"https:\/\/www.thestorage.fr\/en\/les-artistes\/"},{"@type":"ListItem","position":3,"name":"philippe pasqua","item":"https:\/\/www.thestorage.fr\/en\/les-artistes\/philippe-pasqua\/"},{"@type":"ListItem","position":4,"name":"EXPOSITIONS"}]},{"@type":"WebSite","@id":"https:\/\/www.thestorage.fr\/en\/#website","url":"https:\/\/www.thestorage.fr\/en\/","name":"thestorage.fr","description":"","potentialAction":[{"@type":"SearchAction","target":{"@type":"EntryPoint","urlTemplate":"https:\/\/www.thestorage.fr\/en\/?s={search_term_string}"},"query-input":{"@type":"PropertyValueSpecification","valueRequired":true,"valueName":"search_term_string"}}],"inLanguage":"en-US"}]}},"_links":{"self":[{"href":"https:\/\/www.thestorage.fr\/en\/wp-json\/wp\/v2\/pages\/610"}],"collection":[{"href":"https:\/\/www.thestorage.fr\/en\/wp-json\/wp\/v2\/pages"}],"about":[{"href":"https:\/\/www.thestorage.fr\/en\/wp-json\/wp\/v2\/types\/page"}],"author":[{"embeddable":true,"href":"https:\/\/www.thestorage.fr\/en\/wp-json\/wp\/v2\/users\/2"}],"replies":[{"embeddable":true,"href":"https:\/\/www.thestorage.fr\/en\/wp-json\/wp\/v2\/comments?post=610"}],"version-history":[{"count":5,"href":"https:\/\/www.thestorage.fr\/en\/wp-json\/wp\/v2\/pages\/610\/revisions"}],"predecessor-version":[{"id":627,"href":"https:\/\/www.thestorage.fr\/en\/wp-json\/wp\/v2\/pages\/610\/revisions\/627"}],"up":[{"embeddable":true,"href":"https:\/\/www.thestorage.fr\/en\/wp-json\/wp\/v2\/pages\/387"}],"wp:attachment":[{"href":"https:\/\/www.thestorage.fr\/en\/wp-json\/wp\/v2\/media?parent=610"}],"curies":[{"name":"wp","href":"https:\/\/api.w.org\/{rel}","templated":true}]}}