{"id":466,"date":"2018-12-18T21:22:00","date_gmt":"2018-12-18T21:22:00","guid":{"rendered":"https:\/\/thestorage.fr\/?page_id=466"},"modified":"2018-12-18T21:27:33","modified_gmt":"2018-12-18T21:27:33","slug":"test-philippe-pasqua","status":"publish","type":"page","link":"https:\/\/www.thestorage.fr\/en\/test-philippe-pasqua\/","title":{"rendered":"test -Philippe Pasqua"},"content":{"rendered":"<div class=\"wpb-content-wrapper\"><p>[vc_row bg_type=&#8221;bg_color&#8221; bg_override=&#8221;ex-full&#8221; bg_color_value=&#8221;#f1f1f1&#8243; css=&#8221;.vc_custom_1545164840400{margin-top: -51px !important;}&#8221;][vc_column width=&#8221;1\/6&#8243;][\/vc_column][vc_column width=&#8221;2\/3&#8243;][vc_empty_space height=&#8221;60&#8243;][vc_column_text]<\/p>\n<p style=\"text-align: center;\"><strong><span style=\"color: #333333; font-size: 24pt; font-family: 'montserrat', geneva, sans-serif;\">PHILIPPE PASQUA<\/span><\/strong><\/p>\n<p>[\/vc_column_text][vc_row_inner][vc_column_inner width=&#8221;1\/4&#8243;][vc_custom_heading text=&#8221;BIOGRAPHIE&#8221; font_container=&#8221;tag:h2|font_size:15|text_align:center|color:%23000000&#8243; google_fonts=&#8221;font_family:Montserrat%3Aregular%2C700|font_style:400%20regular%3A400%3Anormal&#8221; link=&#8221;url:http%3A%2F%2Fthestorage.fr%2Ftest-philippe-pasqua%2F%23bio|||&#8221;][\/vc_column_inner][vc_column_inner width=&#8221;1\/4&#8243;][vc_custom_heading text=&#8221;OEUVRES&#8221; font_container=&#8221;tag:h2|font_size:15|text_align:center|color:%23000000&#8243; google_fonts=&#8221;font_family:Montserrat%3Aregular%2C700|font_style:400%20regular%3A400%3Anormal&#8221; link=&#8221;url:http%3A%2F%2Fthestorage.fr%2Ftest-philippe-pasqua%2F%23oeuvres|||&#8221;][\/vc_column_inner][vc_column_inner width=&#8221;1\/4&#8243;][vc_custom_heading text=&#8221;EXPOSITIONS&#8221; font_container=&#8221;tag:h2|font_size:15|text_align:center|color:%23000000&#8243; google_fonts=&#8221;font_family:Montserrat%3Aregular%2C700|font_style:400%20regular%3A400%3Anormal&#8221; link=&#8221;url:http%3A%2F%2Fthestorage.fr%2Ftest-philippe-pasqua%2F%23expo|||&#8221;][\/vc_column_inner][vc_column_inner width=&#8221;1\/4&#8243;][vc_custom_heading text=&#8221;SITE&#8221; font_container=&#8221;tag:h2|font_size:15|text_align:center|color:%23000000&#8243; google_fonts=&#8221;font_family:Montserrat%3Aregular%2C700|font_style:400%20regular%3A400%3Anormal&#8221; link=&#8221;url:http%3A%2F%2Fthestorage.fr%2Ftest-philippe-pasqua%2F%23site|||&#8221;][\/vc_column_inner][\/vc_row_inner][vc_empty_space height=&#8221;60&#8243;][\/vc_column][vc_column width=&#8221;1\/6&#8243;][\/vc_column][\/vc_row][vc_row full_width=&#8221;stretch_row_content_no_spaces&#8221; content_placement=&#8221;middle&#8221; el_id=&#8221;bio&#8221;][vc_column width=&#8221;1\/2&#8243;][vc_row_inner][vc_column_inner width=&#8221;1\/6&#8243;][\/vc_column_inner][vc_column_inner width=&#8221;2\/3&#8243;][vc_column_text]<\/p>\n<h2 style=\"text-align: center; font-size: 20px; font-family: 'montserrat';\"><span style=\"font-size: 18pt;\">BIOGRAPHIE<\/span><\/h2>\n<p>&nbsp;<\/p>\n<p style=\"text-align: center;\">\u00ab Philippe Pasqua, ou la rage de vivre et de cr\u00e9er. \u00bb Cyr Mald<\/p>\n<p style=\"text-align: center;\">Philippe Pasqua, n\u00e9 \u00e0 Grasse en 1965, est un artiste peintre et sculpteur autodidacte.s.<\/p>\n<p style=\"text-align: center;\">Il s\u2019est pench\u00e9 d\u00e8s sa plus jeune enfance \u00e0 la photographie qui lui permet de capturer des regards, des \u00e9motions. C\u2019est gr\u00e2ce \u00e0 ce support que l\u2019artiste sera men\u00e9 progressivement \u00e0 la peinture. Le vaudou et les f\u00e9tiches ont marqu\u00e9 le d\u00e9but de sa carri\u00e8re. Ceux-ci ont ensuite laiss\u00e9 place aux portraits, aux nus et aux vanit\u00e9s&#8230;.<\/p>\n<p>[\/vc_column_text]<div class=\" ubtn-ctn-center \"><a class=\"ubtn-link ult-adjust-bottom-margin ubtn-center ubtn-normal \" href=\"http:\/\/thestorage.fr\/les-artistes\/philippe-pasqua\/biographie\/\" ><button type=\"button\" id=\"ubtn-7189\"  class=\"ubtn ult-adjust-bottom-margin ult-responsive ubtn-normal ubtn-no-hover-bg  none  ubtn-center   tooltip-69fb46ffb23dc\"  data-hover=\"#000000\" data-border-color=\"#f1f1f1\" data-bg=\"#ffffff\" data-hover-bg=\"#f1f1f1\" data-border-hover=\"#f1f1f1\" data-shadow-hover=\"\" data-shadow-click=\"none\" data-shadow=\"\" data-shd-shadow=\"\"  data-ultimate-target='#ubtn-7189'  data-responsive-json-new='{\"font-size\":\"\",\"line-height\":\"\"}'  style=\"font-family:&#039;Montserrat&#039;;font-weight:500;border-radius:0px;border-width:2px;border-color:#f1f1f1;border-style:solid;background: #ffffff;color: #000000;\"><span class=\"ubtn-hover\" style=\"background-color:#f1f1f1\"><\/span><span class=\"ubtn-data ubtn-text \" >EN SAVOIR PLUS<\/span><\/button><\/a><\/div>[\/vc_column_inner][vc_column_inner width=&#8221;1\/6&#8243;][\/vc_column_inner][\/vc_row_inner][\/vc_column][vc_column parallax=&#8221;content-moving-fade&#8221; width=&#8221;1\/2&#8243; css=&#8221;.vc_custom_1545165930895{background-image: url(https:\/\/www.thestorage.fr\/wp-content\/uploads\/2018\/10\/Atelier-1.jpg?id=144) !important;background-position: center !important;background-repeat: no-repeat !important;background-size: cover !important;}&#8221;][vc_empty_space height=&#8221;600&#8243;][\/vc_column][\/vc_row][vc_row full_width=&#8221;stretch_row_content_no_spaces&#8221; content_placement=&#8221;middle&#8221; bg_type=&#8221;image&#8221; parallax_style=&#8221;vcpb-vz-jquery&#8221; bg_image_new=&#8221;id^145|url^https:\/\/www.thestorage.fr\/wp-content\/uploads\/2018\/10\/Face-Off-5.jpg|caption^null|alt^Face Off (5)|title^Face Off (5)|description^null&#8221; bg_image_repeat=&#8221;no-repeat&#8221; parallax_sense=&#8221;100&#8243; bg_override=&#8221;ex-full&#8221; el_id=&#8221;oeuvres&#8221;][vc_column width=&#8221;1\/2&#8243;][\/vc_column][vc_column width=&#8221;1\/2&#8243; css=&#8221;.vc_custom_1545167541444{background-color: #ffffff !important;}&#8221;][vc_empty_space height=&#8221;150&#8243;][vc_row_inner][vc_column_inner width=&#8221;1\/6&#8243;][\/vc_column_inner][vc_column_inner width=&#8221;2\/3&#8243;][vc_column_text]<\/p>\n<h2 style=\"text-align: center; font-size: 20px; font-family: 'montserrat';\"><span style=\"font-size: 18pt;\">OEUVRES<\/span><\/h2>\n<p style=\"text-align: center;\"><span style=\"font-family: 'montserrat', arial, helvetica, sans-serif;\">D\u00e9couvrez l&#8217;ensemble des oeuvres de Philippe Pasqua<\/span><\/p>\n<p>[\/vc_column_text]<div class=\" ubtn-ctn-center \"><a class=\"ubtn-link ult-adjust-bottom-margin ubtn-center ubtn-normal \" href=\"http:\/\/thestorage.fr\/les-artistes\/philippe-pasqua\/biographie\/\" ><button type=\"button\" id=\"ubtn-5359\"  class=\"ubtn ult-adjust-bottom-margin ult-responsive ubtn-normal ubtn-no-hover-bg  none  ubtn-center   tooltip-69fb46ffb2593\"  data-hover=\"#000000\" data-border-color=\"#f1f1f1\" data-bg=\"#ffffff\" data-hover-bg=\"#f1f1f1\" data-border-hover=\"#f1f1f1\" data-shadow-hover=\"\" data-shadow-click=\"none\" data-shadow=\"\" data-shd-shadow=\"\"  data-ultimate-target='#ubtn-5359'  data-responsive-json-new='{\"font-size\":\"\",\"line-height\":\"\"}'  style=\"font-family:&#039;Montserrat&#039;;font-weight:500;border-radius:0px;border-width:2px;border-color:#f1f1f1;border-style:solid;background: #ffffff;color: #000000;\"><span class=\"ubtn-hover\" style=\"background-color:#f1f1f1\"><\/span><span class=\"ubtn-data ubtn-text \" >EN SAVOIR PLUS<\/span><\/button><\/a><\/div>[\/vc_column_inner][vc_column_inner width=&#8221;1\/6&#8243;][\/vc_column_inner][\/vc_row_inner][vc_empty_space height=&#8221;150&#8243;][\/vc_column][\/vc_row][vc_row full_width=&#8221;stretch_row_content_no_spaces&#8221; content_placement=&#8221;middle&#8221; el_id=&#8221;expo&#8221;][vc_column width=&#8221;1\/2&#8243;][vc_empty_space height=&#8221;150&#8243;][vc_row_inner][vc_column_inner width=&#8221;1\/6&#8243;][\/vc_column_inner][vc_column_inner width=&#8221;2\/3&#8243;][vc_column_text]<\/p>\n<h2 style=\"text-align: center;\"><\/h2>\n<h2 style=\"text-align: center; font-size: 20px; font-family: 'montserrat';\"><span style=\"font-size: 18pt;\">EXPOSITIONS<\/span><\/h2>\n<p style=\"text-align: center; font-family: 'montserrat';\">D\u00c9COUVREZ L&#8217;ENSEMBLE DES EXPOSITIONS PERSONNELLES AINSI QUE COLLECTIVE DE PHILIPPE PASQUA<\/p>\n<p>[\/vc_column_text]<div class=\" ubtn-ctn-center \"><a class=\"ubtn-link ult-adjust-bottom-margin ubtn-center ubtn-normal \" href=\"http:\/\/thestorage.fr\/les-artistes\/philippe-pasqua\/biographie\/\" ><button type=\"button\" id=\"ubtn-4665\"  class=\"ubtn ult-adjust-bottom-margin ult-responsive ubtn-normal ubtn-no-hover-bg  none  ubtn-center   tooltip-69fb46ffb266e\"  data-hover=\"#000000\" data-border-color=\"#f1f1f1\" data-bg=\"#ffffff\" data-hover-bg=\"#f1f1f1\" data-border-hover=\"#f1f1f1\" data-shadow-hover=\"\" data-shadow-click=\"none\" data-shadow=\"\" data-shd-shadow=\"\"  data-ultimate-target='#ubtn-4665'  data-responsive-json-new='{\"font-size\":\"\",\"line-height\":\"\"}'  style=\"font-family:&#039;Montserrat&#039;;font-weight:500;border-radius:0px;border-width:2px;border-color:#f1f1f1;border-style:solid;background: #ffffff;color: #000000;\"><span class=\"ubtn-hover\" style=\"background-color:#f1f1f1\"><\/span><span class=\"ubtn-data ubtn-text \" >EN SAVOIR PLUS<\/span><\/button><\/a><\/div>[\/vc_column_inner][vc_column_inner width=&#8221;1\/6&#8243;][\/vc_column_inner][\/vc_row_inner][\/vc_column][vc_column width=&#8221;1\/2&#8243;][vc_single_image image=&#8221;148&#8243; img_size=&#8221;765&#215;700&#8243; alignment=&#8221;center&#8221; css=&#8221;.vc_custom_1544198370938{margin-bottom: 0px !important;}&#8221;][\/vc_column][\/vc_row][vc_row full_width=&#8221;stretch_row_content_no_spaces&#8221; content_placement=&#8221;middle&#8221; el_id=&#8221;site&#8221;][vc_column width=&#8221;1\/2&#8243;][vc_single_image image=&#8221;154&#8243; img_size=&#8221;765&#215;700&#8243; alignment=&#8221;center&#8221; css=&#8221;.vc_custom_1545167999608{margin-bottom: 0px !important;}&#8221;][\/vc_column][vc_column width=&#8221;1\/2&#8243;][vc_empty_space height=&#8221;150&#8243;][vc_row_inner][vc_column_inner width=&#8221;1\/6&#8243;][\/vc_column_inner][vc_column_inner width=&#8221;2\/3&#8243;][vc_column_text]<\/p>\n<h2 style=\"text-align: center; font-size: 20px; font-family: 'montserrat';\"><span style=\"font-size: 18pt;\">SITE<\/span><\/h2>\n<p style=\"text-align: center;\"><span style=\"font-family: 'montserrat', arial, helvetica, sans-serif;\">VERSUS, BORDERLINE, ALLEGORIA&#8230;<\/span><\/p>\n<p>[\/vc_column_text]<div class=\" ubtn-ctn-center \"><a class=\"ubtn-link ult-adjust-bottom-margin ubtn-center ubtn-normal \" href=\"http:\/\/thestorage.fr\/les-artistes\/philippe-pasqua\/biographie\/\" ><button type=\"button\" id=\"ubtn-9071\"  class=\"ubtn ult-adjust-bottom-margin ult-responsive ubtn-normal ubtn-no-hover-bg  none  ubtn-center   tooltip-69fb46ffb2723\"  data-hover=\"#000000\" data-border-color=\"#f1f1f1\" data-bg=\"#ffffff\" data-hover-bg=\"#f1f1f1\" data-border-hover=\"#f1f1f1\" data-shadow-hover=\"\" data-shadow-click=\"none\" data-shadow=\"\" data-shd-shadow=\"\"  data-ultimate-target='#ubtn-9071'  data-responsive-json-new='{\"font-size\":\"\",\"line-height\":\"\"}'  style=\"font-family:&#039;Montserrat&#039;;font-weight:500;border-radius:0px;border-width:2px;border-color:#f1f1f1;border-style:solid;background: #ffffff;color: #000000;\"><span class=\"ubtn-hover\" style=\"background-color:#f1f1f1\"><\/span><span class=\"ubtn-data ubtn-text \" >EN SAVOIR PLUS<\/span><\/button><\/a><\/div>[\/vc_column_inner][vc_column_inner width=&#8221;1\/6&#8243;][\/vc_column_inner][\/vc_row_inner][vc_empty_space height=&#8221;150&#8243;][\/vc_column][\/vc_row]<\/p>\n<\/div>","protected":false},"excerpt":{"rendered":"<p>[vc_row bg_type=&#8221;bg_color&#8221; bg_override=&#8221;ex-full&#8221; bg_color_value=&#8221;#f1f1f1&#8243; css=&#8221;.vc_custom_1545164840400{margin-top: -51px !important;}&#8221;][vc_column width=&#8221;1\/6&#8243;][\/vc_column][vc_column width=&#8221;2\/3&#8243;][vc_empty_space height=&#8221;60&#8243;][vc_column_text] PHILIPPE PASQUA [\/vc_column_text][vc_row_inner][vc_column_inner width=&#8221;1\/4&#8243;][vc_custom_heading text=&#8221;BIOGRAPHIE&#8221; font_container=&#8221;tag:h2|font_size:15|text_align:center|color:%23000000&#8243; google_fonts=&#8221;font_family:Montserrat%3Aregular%2C700|font_style:400%20regular%3A400%3Anormal&#8221; link=&#8221;url:http%3A%2F%2Fthestorage.fr%2Ftest-philippe-pasqua%2F%23bio|||&#8221;][\/vc_column_inner][vc_column_inner width=&#8221;1\/4&#8243;][vc_custom_heading text=&#8221;OEUVRES&#8221; font_container=&#8221;tag:h2|font_size:15|text_align:center|color:%23000000&#8243; google_fonts=&#8221;font_family:Montserrat%3Aregular%2C700|font_style:400%20regular%3A400%3Anormal&#8221; link=&#8221;url:http%3A%2F%2Fthestorage.fr%2Ftest-philippe-pasqua%2F%23oeuvres|||&#8221;][\/vc_column_inner][vc_column_inner width=&#8221;1\/4&#8243;][vc_custom_heading text=&#8221;EXPOSITIONS&#8221; font_container=&#8221;tag:h2|font_size:15|text_align:center|color:%23000000&#8243; google_fonts=&#8221;font_family:Montserrat%3Aregular%2C700|font_style:400%20regular%3A400%3Anormal&#8221; link=&#8221;url:http%3A%2F%2Fthestorage.fr%2Ftest-philippe-pasqua%2F%23expo|||&#8221;][\/vc_column_inner][vc_column_inner width=&#8221;1\/4&#8243;][vc_custom_heading text=&#8221;SITE&#8221; font_container=&#8221;tag:h2|font_size:15|text_align:center|color:%23000000&#8243; google_fonts=&#8221;font_family:Montserrat%3Aregular%2C700|font_style:400%20regular%3A400%3Anormal&#8221; link=&#8221;url:http%3A%2F%2Fthestorage.fr%2Ftest-philippe-pasqua%2F%23site|||&#8221;][\/vc_column_inner][\/vc_row_inner][vc_empty_space height=&#8221;60&#8243;][\/vc_column][vc_column width=&#8221;1\/6&#8243;][\/vc_column][\/vc_row][vc_row full_width=&#8221;stretch_row_content_no_spaces&#8221; content_placement=&#8221;middle&#8221; el_id=&#8221;bio&#8221;][vc_column width=&#8221;1\/2&#8243;][vc_row_inner][vc_column_inner width=&#8221;1\/6&#8243;][\/vc_column_inner][vc_column_inner width=&#8221;2\/3&#8243;][vc_column_text] BIOGRAPHIE &nbsp; \u00ab Philippe Pasqua, ou la rage de vivre et de cr\u00e9er. \u00bb&hellip;<\/p>\n","protected":false},"author":2,"featured_media":0,"parent":0,"menu_order":0,"comment_status":"closed","ping_status":"closed","template":"","meta":{"_exactmetrics_skip_tracking":false,"_exactmetrics_sitenote_active":false,"_exactmetrics_sitenote_note":"","_exactmetrics_sitenote_category":0,"footnotes":""},"class_list":["post-466","page","type-page","status-publish","hentry","description-off"],"yoast_head":"<!-- This site is optimized with the Yoast SEO plugin v25.6 - https:\/\/yoast.com\/wordpress\/plugins\/seo\/ -->\n<title>test -Philippe Pasqua - thestorage.fr<\/title>\n<meta name=\"robots\" content=\"index, follow, max-snippet:-1, max-image-preview:large, max-video-preview:-1\" \/>\n<link rel=\"canonical\" href=\"https:\/\/www.thestorage.fr\/test-philippe-pasqua\/\" \/>\n<meta property=\"og:locale\" content=\"en_US\" \/>\n<meta property=\"og:type\" content=\"article\" \/>\n<meta property=\"og:title\" content=\"test -Philippe Pasqua - thestorage.fr\" \/>\n<meta property=\"og:description\" content=\"[vc_row bg_type=&#8221;bg_color&#8221; bg_override=&#8221;ex-full&#8221; bg_color_value=&#8221;#f1f1f1&#8243; css=&#8221;.vc_custom_1545164840400{margin-top: -51px !important;}&#8221;][vc_column width=&#8221;1\/6&#8243;][\/vc_column][vc_column width=&#8221;2\/3&#8243;][vc_empty_space height=&#8221;60&#8243;][vc_column_text] PHILIPPE PASQUA [\/vc_column_text][vc_row_inner][vc_column_inner width=&#8221;1\/4&#8243;][vc_custom_heading text=&#8221;BIOGRAPHIE&#8221; font_container=&#8221;tag:h2|font_size:15|text_align:center|color:%23000000&#8243; google_fonts=&#8221;font_family:Montserrat%3Aregular%2C700|font_style:400%20regular%3A400%3Anormal&#8221; link=&#8221;url:http%3A%2F%2Fthestorage.fr%2Ftest-philippe-pasqua%2F%23bio|||&#8221;][\/vc_column_inner][vc_column_inner width=&#8221;1\/4&#8243;][vc_custom_heading text=&#8221;OEUVRES&#8221; font_container=&#8221;tag:h2|font_size:15|text_align:center|color:%23000000&#8243; google_fonts=&#8221;font_family:Montserrat%3Aregular%2C700|font_style:400%20regular%3A400%3Anormal&#8221; link=&#8221;url:http%3A%2F%2Fthestorage.fr%2Ftest-philippe-pasqua%2F%23oeuvres|||&#8221;][\/vc_column_inner][vc_column_inner width=&#8221;1\/4&#8243;][vc_custom_heading text=&#8221;EXPOSITIONS&#8221; font_container=&#8221;tag:h2|font_size:15|text_align:center|color:%23000000&#8243; google_fonts=&#8221;font_family:Montserrat%3Aregular%2C700|font_style:400%20regular%3A400%3Anormal&#8221; link=&#8221;url:http%3A%2F%2Fthestorage.fr%2Ftest-philippe-pasqua%2F%23expo|||&#8221;][\/vc_column_inner][vc_column_inner width=&#8221;1\/4&#8243;][vc_custom_heading text=&#8221;SITE&#8221; font_container=&#8221;tag:h2|font_size:15|text_align:center|color:%23000000&#8243; google_fonts=&#8221;font_family:Montserrat%3Aregular%2C700|font_style:400%20regular%3A400%3Anormal&#8221; link=&#8221;url:http%3A%2F%2Fthestorage.fr%2Ftest-philippe-pasqua%2F%23site|||&#8221;][\/vc_column_inner][\/vc_row_inner][vc_empty_space height=&#8221;60&#8243;][\/vc_column][vc_column width=&#8221;1\/6&#8243;][\/vc_column][\/vc_row][vc_row full_width=&#8221;stretch_row_content_no_spaces&#8221; content_placement=&#8221;middle&#8221; el_id=&#8221;bio&#8221;][vc_column width=&#8221;1\/2&#8243;][vc_row_inner][vc_column_inner width=&#8221;1\/6&#8243;][\/vc_column_inner][vc_column_inner width=&#8221;2\/3&#8243;][vc_column_text] BIOGRAPHIE &nbsp; \u00ab Philippe Pasqua, ou la rage de vivre et de cr\u00e9er. \u00bb&hellip;\" \/>\n<meta property=\"og:url\" content=\"https:\/\/www.thestorage.fr\/test-philippe-pasqua\/\" \/>\n<meta property=\"og:site_name\" content=\"thestorage.fr\" \/>\n<meta property=\"article:modified_time\" content=\"2018-12-18T21:27:33+00:00\" \/>\n<meta name=\"twitter:card\" content=\"summary_large_image\" \/>\n<meta name=\"twitter:label1\" content=\"Est. reading time\" \/>\n\t<meta name=\"twitter:data1\" content=\"5 minutes\" \/>\n<script type=\"application\/ld+json\" class=\"yoast-schema-graph\">{\"@context\":\"https:\/\/schema.org\",\"@graph\":[{\"@type\":\"WebPage\",\"@id\":\"https:\/\/www.thestorage.fr\/test-philippe-pasqua\/\",\"url\":\"https:\/\/www.thestorage.fr\/test-philippe-pasqua\/\",\"name\":\"test -Philippe Pasqua - thestorage.fr\",\"isPartOf\":{\"@id\":\"https:\/\/www.thestorage.fr\/en\/#website\"},\"datePublished\":\"2018-12-18T21:22:00+00:00\",\"dateModified\":\"2018-12-18T21:27:33+00:00\",\"breadcrumb\":{\"@id\":\"https:\/\/www.thestorage.fr\/test-philippe-pasqua\/#breadcrumb\"},\"inLanguage\":\"en-US\",\"potentialAction\":[{\"@type\":\"ReadAction\",\"target\":[\"https:\/\/www.thestorage.fr\/test-philippe-pasqua\/\"]}]},{\"@type\":\"BreadcrumbList\",\"@id\":\"https:\/\/www.thestorage.fr\/test-philippe-pasqua\/#breadcrumb\",\"itemListElement\":[{\"@type\":\"ListItem\",\"position\":1,\"name\":\"Home\",\"item\":\"https:\/\/www.thestorage.fr\/\"},{\"@type\":\"ListItem\",\"position\":2,\"name\":\"test -Philippe Pasqua\"}]},{\"@type\":\"WebSite\",\"@id\":\"https:\/\/www.thestorage.fr\/en\/#website\",\"url\":\"https:\/\/www.thestorage.fr\/en\/\",\"name\":\"thestorage.fr\",\"description\":\"\",\"potentialAction\":[{\"@type\":\"SearchAction\",\"target\":{\"@type\":\"EntryPoint\",\"urlTemplate\":\"https:\/\/www.thestorage.fr\/en\/?s={search_term_string}\"},\"query-input\":{\"@type\":\"PropertyValueSpecification\",\"valueRequired\":true,\"valueName\":\"search_term_string\"}}],\"inLanguage\":\"en-US\"}]}<\/script>\n<!-- \/ Yoast SEO plugin. -->","yoast_head_json":{"title":"test -Philippe Pasqua - thestorage.fr","robots":{"index":"index","follow":"follow","max-snippet":"max-snippet:-1","max-image-preview":"max-image-preview:large","max-video-preview":"max-video-preview:-1"},"canonical":"https:\/\/www.thestorage.fr\/test-philippe-pasqua\/","og_locale":"en_US","og_type":"article","og_title":"test -Philippe Pasqua - thestorage.fr","og_description":"[vc_row bg_type=&#8221;bg_color&#8221; bg_override=&#8221;ex-full&#8221; bg_color_value=&#8221;#f1f1f1&#8243; css=&#8221;.vc_custom_1545164840400{margin-top: -51px !important;}&#8221;][vc_column width=&#8221;1\/6&#8243;][\/vc_column][vc_column width=&#8221;2\/3&#8243;][vc_empty_space height=&#8221;60&#8243;][vc_column_text] PHILIPPE PASQUA [\/vc_column_text][vc_row_inner][vc_column_inner width=&#8221;1\/4&#8243;][vc_custom_heading text=&#8221;BIOGRAPHIE&#8221; font_container=&#8221;tag:h2|font_size:15|text_align:center|color:%23000000&#8243; google_fonts=&#8221;font_family:Montserrat%3Aregular%2C700|font_style:400%20regular%3A400%3Anormal&#8221; link=&#8221;url:http%3A%2F%2Fthestorage.fr%2Ftest-philippe-pasqua%2F%23bio|||&#8221;][\/vc_column_inner][vc_column_inner width=&#8221;1\/4&#8243;][vc_custom_heading text=&#8221;OEUVRES&#8221; font_container=&#8221;tag:h2|font_size:15|text_align:center|color:%23000000&#8243; google_fonts=&#8221;font_family:Montserrat%3Aregular%2C700|font_style:400%20regular%3A400%3Anormal&#8221; link=&#8221;url:http%3A%2F%2Fthestorage.fr%2Ftest-philippe-pasqua%2F%23oeuvres|||&#8221;][\/vc_column_inner][vc_column_inner width=&#8221;1\/4&#8243;][vc_custom_heading text=&#8221;EXPOSITIONS&#8221; font_container=&#8221;tag:h2|font_size:15|text_align:center|color:%23000000&#8243; google_fonts=&#8221;font_family:Montserrat%3Aregular%2C700|font_style:400%20regular%3A400%3Anormal&#8221; link=&#8221;url:http%3A%2F%2Fthestorage.fr%2Ftest-philippe-pasqua%2F%23expo|||&#8221;][\/vc_column_inner][vc_column_inner width=&#8221;1\/4&#8243;][vc_custom_heading text=&#8221;SITE&#8221; font_container=&#8221;tag:h2|font_size:15|text_align:center|color:%23000000&#8243; google_fonts=&#8221;font_family:Montserrat%3Aregular%2C700|font_style:400%20regular%3A400%3Anormal&#8221; link=&#8221;url:http%3A%2F%2Fthestorage.fr%2Ftest-philippe-pasqua%2F%23site|||&#8221;][\/vc_column_inner][\/vc_row_inner][vc_empty_space height=&#8221;60&#8243;][\/vc_column][vc_column width=&#8221;1\/6&#8243;][\/vc_column][\/vc_row][vc_row full_width=&#8221;stretch_row_content_no_spaces&#8221; content_placement=&#8221;middle&#8221; el_id=&#8221;bio&#8221;][vc_column width=&#8221;1\/2&#8243;][vc_row_inner][vc_column_inner width=&#8221;1\/6&#8243;][\/vc_column_inner][vc_column_inner width=&#8221;2\/3&#8243;][vc_column_text] BIOGRAPHIE &nbsp; \u00ab Philippe Pasqua, ou la rage de vivre et de cr\u00e9er. \u00bb&hellip;","og_url":"https:\/\/www.thestorage.fr\/test-philippe-pasqua\/","og_site_name":"thestorage.fr","article_modified_time":"2018-12-18T21:27:33+00:00","twitter_card":"summary_large_image","twitter_misc":{"Est. reading time":"5 minutes"},"schema":{"@context":"https:\/\/schema.org","@graph":[{"@type":"WebPage","@id":"https:\/\/www.thestorage.fr\/test-philippe-pasqua\/","url":"https:\/\/www.thestorage.fr\/test-philippe-pasqua\/","name":"test -Philippe Pasqua - thestorage.fr","isPartOf":{"@id":"https:\/\/www.thestorage.fr\/en\/#website"},"datePublished":"2018-12-18T21:22:00+00:00","dateModified":"2018-12-18T21:27:33+00:00","breadcrumb":{"@id":"https:\/\/www.thestorage.fr\/test-philippe-pasqua\/#breadcrumb"},"inLanguage":"en-US","potentialAction":[{"@type":"ReadAction","target":["https:\/\/www.thestorage.fr\/test-philippe-pasqua\/"]}]},{"@type":"BreadcrumbList","@id":"https:\/\/www.thestorage.fr\/test-philippe-pasqua\/#breadcrumb","itemListElement":[{"@type":"ListItem","position":1,"name":"Home","item":"https:\/\/www.thestorage.fr\/"},{"@type":"ListItem","position":2,"name":"test -Philippe Pasqua"}]},{"@type":"WebSite","@id":"https:\/\/www.thestorage.fr\/en\/#website","url":"https:\/\/www.thestorage.fr\/en\/","name":"thestorage.fr","description":"","potentialAction":[{"@type":"SearchAction","target":{"@type":"EntryPoint","urlTemplate":"https:\/\/www.thestorage.fr\/en\/?s={search_term_string}"},"query-input":{"@type":"PropertyValueSpecification","valueRequired":true,"valueName":"search_term_string"}}],"inLanguage":"en-US"}]}},"_links":{"self":[{"href":"https:\/\/www.thestorage.fr\/en\/wp-json\/wp\/v2\/pages\/466"}],"collection":[{"href":"https:\/\/www.thestorage.fr\/en\/wp-json\/wp\/v2\/pages"}],"about":[{"href":"https:\/\/www.thestorage.fr\/en\/wp-json\/wp\/v2\/types\/page"}],"author":[{"embeddable":true,"href":"https:\/\/www.thestorage.fr\/en\/wp-json\/wp\/v2\/users\/2"}],"replies":[{"embeddable":true,"href":"https:\/\/www.thestorage.fr\/en\/wp-json\/wp\/v2\/comments?post=466"}],"version-history":[{"count":5,"href":"https:\/\/www.thestorage.fr\/en\/wp-json\/wp\/v2\/pages\/466\/revisions"}],"predecessor-version":[{"id":494,"href":"https:\/\/www.thestorage.fr\/en\/wp-json\/wp\/v2\/pages\/466\/revisions\/494"}],"wp:attachment":[{"href":"https:\/\/www.thestorage.fr\/en\/wp-json\/wp\/v2\/media?parent=466"}],"curies":[{"name":"wp","href":"https:\/\/api.w.org\/{rel}","templated":true}]}}