{"id":333,"date":"2018-12-12T18:12:56","date_gmt":"2018-12-12T18:12:56","guid":{"rendered":"https:\/\/thestorage.fr\/?page_id=333"},"modified":"2018-12-19T19:44:57","modified_gmt":"2018-12-19T19:44:57","slug":"a-venir","status":"publish","type":"page","link":"https:\/\/www.thestorage.fr\/en\/expositions\/a-venir\/","title":{"rendered":"A VENIR"},"content":{"rendered":"<div class=\"wpb-content-wrapper\"><p>[vc_row content_placement=&#8221;middle&#8221; css=&#8221;.vc_custom_1545158325090{padding-top: 0px !important;background-color: #ffffff !important;}&#8221; el_class=&#8221;ghj&#8221;][vc_column el_class=&#8221;hy&#8221;][vc_row_inner][vc_column_inner width=&#8221;4\/12&#8243;][vc_column_text css=&#8221;.vc_custom_1545248671755{margin-bottom: 10px !important;}&#8221;]<\/p>\n<h4 style=\"text-align: left;\"><strong><span style=\"font-family: montserrat, arial, sans-serif; font-size: 16pt;\">A VENIR<br \/>\n<\/span><\/strong><\/h4>\n<p>[\/vc_column_text][\/vc_column_inner][vc_column_inner width=&#8221;8\/12&#8243;][\/vc_column_inner][\/vc_row_inner][vc_separator border_width=&#8221;3&#8243; css=&#8221;.vc_custom_1545233007592{margin-bottom: 5px !important;}&#8221;][vc_row_inner][vc_column_inner width=&#8221;4\/12&#8243; el_id=&#8221;biographie&#8221;][\/vc_column_inner][vc_column_inner el_class=&#8221;lol&#8221; width=&#8221;2\/12&#8243;][\/vc_column_inner][vc_column_inner el_class=&#8221;lol&#8221; width=&#8221;2\/12&#8243;][vc_custom_heading text=&#8221;EXPOSITION&#8221; font_container=&#8221;tag:h2|font_size:15|text_align:center&#8221; use_theme_fonts=&#8221;yes&#8221; link=&#8221;url:http%3A%2F%2Fthestorage.fr%2Fexpositions%2Fen-cours%2F%23|||&#8221;][\/vc_column_inner][vc_column_inner el_class=&#8221;lol&#8221; width=&#8221;2\/12&#8243;][vc_custom_heading text=&#8221;VERNISSAGE&#8221; font_container=&#8221;tag:h2|font_size:15|text_align:center&#8221; use_theme_fonts=&#8221;yes&#8221; link=&#8221;url:http%3A%2F%2Fthestorage.fr%2Fexpositions%2Fen-cours%2F%23vernissage|||&#8221; el_class=&#8221;hj&#8221; css=&#8221;.vc_custom_1545248516076{padding-left: 20px !important;}&#8221;][\/vc_column_inner][vc_column_inner el_class=&#8221;lol&#8221; width=&#8221;2\/12&#8243;][vc_custom_heading text=&#8221;VERSUS&#8221; font_container=&#8221;tag:h2|font_size:15|text_align:center&#8221; use_theme_fonts=&#8221;yes&#8221; link=&#8221;url:http%3A%2F%2Fthestorage.fr%2Fexpositions%2Fen-cours%2F%23versus|||&#8221; el_class=&#8221;hj&#8221; css=&#8221;.vc_custom_1545248534086{padding-left: 17px !important;}&#8221;][\/vc_column_inner][\/vc_row_inner][\/vc_column][\/vc_row][vc_row][vc_column el_id=&#8221;biographie&#8221;][vc_row_inner][vc_column_inner][vc_empty_space height=&#8221;50&#8243;][\/vc_column_inner][\/vc_row_inner][vc_row_inner][vc_column_inner][vc_custom_heading text=&#8221;EXPOSITION&#8221; font_container=&#8221;tag:h3|text_align:left&#8221; use_theme_fonts=&#8221;yes&#8221;][vc_column_text]<\/p>\n<p style=\"text-align: justify;\">\u00ab Philippe Pasqua, ou la rage de vivre et de cr\u00e9er. \u00bb Cyr Mald<\/p>\n<p style=\"text-align: justify;\">Philippe Pasqua, n\u00e9 \u00e0 Grasse en 1965, est un artiste peintre et sculpteur autodidacte.s.<\/p>\n<p style=\"text-align: justify;\">Il s\u2019est pench\u00e9 d\u00e8s sa plus jeune enfance \u00e0 la photographie qui lui permet de capturer des regards, des \u00e9motions. C\u2019est gr\u00e2ce \u00e0 ce support que l\u2019artiste sera men\u00e9 progressivement \u00e0 la peinture. Le vaudou et les f\u00e9tiches ont marqu\u00e9 le d\u00e9but de sa carri\u00e8re. Ceux-ci ont ensuite laiss\u00e9 place aux portraits, aux nus et aux vanit\u00e9s. Quelques interactions et connections avec Lucian Freud et Francis Bacon se font parfois ressentir dans la peinture de Philippe Pasqua. Tous peignaient ce qu\u2019il y a de plus vuln\u00e9rables : des corps vivants nus et des portraits. S\u2019inspirer n\u2019est en rien copier, mais une certaine nourriture au travail \u00e0 accomplir.<\/p>\n<p style=\"text-align: justify;\">Philippe Pasqua est un peintre qui bouscule par cette envie de peindre des sujets qui \u00e9taient souvent oubli\u00e9s, mis dans l\u2019ombre car consid\u00e9r\u00e9s comme diff\u00e9rents, d\u00e9rangeants. En mettant au premier plan ces th\u00e8mes (la trisomie, la c\u00e9cit\u00e9 et la transexualit\u00e9\u2026), l\u2019artiste voulait d\u00e9voiler cette force et cette sensibilit\u00e9 extraordinaire qui se d\u00e9gagent de ces sujets.<\/p>\n<p style=\"text-align: justify;\">Une des principales caract\u00e9ristiques de la peinture de Philippe Pasqua est cette \u00e9paisseur, cette mati\u00e8re organique form\u00e9e par ses couches de peinture. L\u2019artiste retravaille sans cesse, ajoute des traits en permanence. Ainsi, s\u2019accumule une certaine complexit\u00e9 dans le sujet peint. Des expressions prennent naissance et des \u00e9motions transpercent la toile. De plus, une autre particularit\u00e9 tr\u00e8s significative de la peinture de Philippe Pasqua est cette force expressive de la couleur qui rejaillie dans tous ses tableaux.<\/p>\n<p style=\"text-align: justify;\">Nietzsche, disait\u00a0: \u00ab\u00a0Il faut deviner la peinture pour comprendre l\u2019image\u00a0\u00bb. Quand Philippe peint il se plonge dans un monde \u00e0 part, hors de la r\u00e9alit\u00e9, dans l\u2019inconscient et le conscient de ses mod\u00e8les. Puis il se laisse embarquer par la peinture pour y puiser les sensations et les \u00e9motions personnelles au-del\u00e0 de la ressemblance, de l\u2019apparence. Comme l\u2019a si bien dit Paul-Jean Toulet\u00a0: \u00ab\u00a0En peinture, ce qui importe, c\u2019est que le mod\u00e8le ressemble au portrait et non pas le portrait au mod\u00e8le, en d\u00e9finitive\u00a0\u00bb. C\u2019est l\u00e0 o\u00f9 r\u00e9side toute la magie de la peinture, \u00e0 la diff\u00e9rence de la photographie.<\/p>\n<p>[\/vc_column_text]<div class=\" ubtn-ctn-center \"><a class=\"ubtn-link ult-adjust-bottom-margin ubtn-center ubtn-normal \" href=\"http:\/\/thestorage.fr\/les-artistes\/philippe-pasqua\/biographie\/\" ><button type=\"button\" id=\"ubtn-6672\"  class=\"ubtn ult-adjust-bottom-margin ult-responsive ubtn-normal ubtn-no-hover-bg  none  ubtn-center   tooltip-69fb46ff898c6\"  data-hover=\"#ffffff\" data-border-color=\"#000000\" data-bg=\"#ffffff\" data-hover-bg=\"#000000\" data-border-hover=\"#000000\" data-shadow-hover=\"\" data-shadow-click=\"none\" data-shadow=\"\" data-shd-shadow=\"\"  data-ultimate-target='#ubtn-6672'  data-responsive-json-new='{\"font-size\":\"\",\"line-height\":\"\"}'  style=\"font-weight:normal;border-radius:0px;border-width:2px;border-color:#000000;border-style:solid;background: #ffffff;color: #000000;\"><span class=\"ubtn-hover\" style=\"background-color:#000000\"><\/span><span class=\"ubtn-data ubtn-text \" >EN SAVOIR PLUS<\/span><\/button><\/a><\/div>[vc_separator color=&#8221;custom&#8221; el_width=&#8221;90&#8243; accent_color=&#8221;#f1f1f1&#8243;][\/vc_column_inner][\/vc_row_inner][vc_row_inner el_id=&#8221;vernissage&#8221;][vc_column_inner][vc_empty_space height=&#8221;70&#8243;][vc_custom_heading text=&#8221;VERNISSAGE&#8221; font_container=&#8221;tag:h3|text_align:left&#8221; use_theme_fonts=&#8221;yes&#8221;]<div class=\" ubtn-ctn-center \"><button type=\"button\" id=\"ubtn-8902\"  class=\"ubtn ult-adjust-bottom-margin ult-responsive ubtn-normal ubtn-no-hover-bg  none  ubtn-center   tooltip-69fb46ff8998b\"  data-hover=\"#ffffff\" data-border-color=\"#000000\" data-bg=\"#ffffff\" data-hover-bg=\"#000000\" data-border-hover=\"#000000\" data-shadow-hover=\"\" data-shadow-click=\"none\" data-shadow=\"\" data-shd-shadow=\"\"  data-ultimate-target='#ubtn-8902'  data-responsive-json-new='{\"font-size\":\"\",\"line-height\":\"\"}'  style=\"font-weight:normal;border-radius:0px;border-width:2px;border-color:#000000;border-style:solid;background: #ffffff;color: #000000;\"><span class=\"ubtn-hover\" style=\"background-color:#000000\"><\/span><span class=\"ubtn-data ubtn-text \" >EN SAVOIR PLUS<\/span><\/button><\/div>[vc_separator color=&#8221;custom&#8221; el_width=&#8221;90&#8243; accent_color=&#8221;#f1f1f1&#8243;][\/vc_column_inner][\/vc_row_inner][vc_row_inner el_id=&#8221;versus&#8221;][vc_column_inner][vc_empty_space height=&#8221;70&#8243;][vc_custom_heading text=&#8221;VERSUS&#8221; font_container=&#8221;tag:h3|text_align:left&#8221; use_theme_fonts=&#8221;yes&#8221;]<div class=\" ubtn-ctn-center \"><button type=\"button\" id=\"ubtn-2049\"  class=\"ubtn ult-adjust-bottom-margin ult-responsive ubtn-normal ubtn-no-hover-bg  none  ubtn-center   tooltip-69fb46ff899c9\"  data-hover=\"#ffffff\" data-border-color=\"#000000\" data-bg=\"#ffffff\" data-hover-bg=\"#000000\" data-border-hover=\"#000000\" data-shadow-hover=\"\" data-shadow-click=\"none\" data-shadow=\"\" data-shd-shadow=\"\"  data-ultimate-target='#ubtn-2049'  data-responsive-json-new='{\"font-size\":\"\",\"line-height\":\"\"}'  style=\"font-weight:normal;border-radius:0px;border-width:2px;border-color:#000000;border-style:solid;background: #ffffff;color: #000000;\"><span class=\"ubtn-hover\" style=\"background-color:#000000\"><\/span><span class=\"ubtn-data ubtn-text \" >EN SAVOIR PLUS<\/span><\/button><\/div>[vc_separator color=&#8221;custom&#8221; el_width=&#8221;90&#8243; accent_color=&#8221;#f1f1f1&#8243;][\/vc_column_inner][\/vc_row_inner][vc_row_inner][vc_column_inner][vc_empty_space height=&#8221;70&#8243;][\/vc_column_inner][\/vc_row_inner][\/vc_column][\/vc_row]<\/p>\n<\/div>","protected":false},"excerpt":{"rendered":"<p>[vc_row content_placement=&#8221;middle&#8221; css=&#8221;.vc_custom_1545158325090{padding-top: 0px !important;background-color: #ffffff !important;}&#8221; el_class=&#8221;ghj&#8221;][vc_column el_class=&#8221;hy&#8221;][vc_row_inner][vc_column_inner width=&#8221;4\/12&#8243;][vc_column_text css=&#8221;.vc_custom_1545248671755{margin-bottom: 10px !important;}&#8221;] A VENIR [\/vc_column_text][\/vc_column_inner][vc_column_inner width=&#8221;8\/12&#8243;][\/vc_column_inner][\/vc_row_inner][vc_separator border_width=&#8221;3&#8243; css=&#8221;.vc_custom_1545233007592{margin-bottom: 5px !important;}&#8221;][vc_row_inner][vc_column_inner width=&#8221;4\/12&#8243; el_id=&#8221;biographie&#8221;][\/vc_column_inner][vc_column_inner el_class=&#8221;lol&#8221; width=&#8221;2\/12&#8243;][\/vc_column_inner][vc_column_inner el_class=&#8221;lol&#8221; width=&#8221;2\/12&#8243;][vc_custom_heading text=&#8221;EXPOSITION&#8221; font_container=&#8221;tag:h2|font_size:15|text_align:center&#8221; use_theme_fonts=&#8221;yes&#8221; link=&#8221;url:http%3A%2F%2Fthestorage.fr%2Fexpositions%2Fen-cours%2F%23|||&#8221;][\/vc_column_inner][vc_column_inner el_class=&#8221;lol&#8221; width=&#8221;2\/12&#8243;][vc_custom_heading text=&#8221;VERNISSAGE&#8221; font_container=&#8221;tag:h2|font_size:15|text_align:center&#8221; use_theme_fonts=&#8221;yes&#8221; link=&#8221;url:http%3A%2F%2Fthestorage.fr%2Fexpositions%2Fen-cours%2F%23vernissage|||&#8221; el_class=&#8221;hj&#8221; css=&#8221;.vc_custom_1545248516076{padding-left: 20px !important;}&#8221;][\/vc_column_inner][vc_column_inner el_class=&#8221;lol&#8221; width=&#8221;2\/12&#8243;][vc_custom_heading text=&#8221;VERSUS&#8221; font_container=&#8221;tag:h2|font_size:15|text_align:center&#8221; use_theme_fonts=&#8221;yes&#8221; link=&#8221;url:http%3A%2F%2Fthestorage.fr%2Fexpositions%2Fen-cours%2F%23versus|||&#8221; el_class=&#8221;hj&#8221; css=&#8221;.vc_custom_1545248534086{padding-left: 17px !important;}&#8221;][\/vc_column_inner][\/vc_row_inner][\/vc_column][\/vc_row][vc_row][vc_column el_id=&#8221;biographie&#8221;][vc_row_inner][vc_column_inner][vc_empty_space height=&#8221;50&#8243;][\/vc_column_inner][\/vc_row_inner][vc_row_inner][vc_column_inner][vc_custom_heading text=&#8221;EXPOSITION&#8221; font_container=&#8221;tag:h3|text_align:left&#8221;&hellip;<\/p>\n","protected":false},"author":2,"featured_media":0,"parent":218,"menu_order":0,"comment_status":"closed","ping_status":"closed","template":"","meta":{"_exactmetrics_skip_tracking":false,"_exactmetrics_sitenote_active":false,"_exactmetrics_sitenote_note":"","_exactmetrics_sitenote_category":0,"footnotes":""},"class_list":["post-333","page","type-page","status-publish","hentry","description-off"],"yoast_head":"<!-- This site is optimized with the Yoast SEO plugin v25.6 - https:\/\/yoast.com\/wordpress\/plugins\/seo\/ -->\n<title>A VENIR - thestorage.fr<\/title>\n<meta name=\"robots\" content=\"index, follow, max-snippet:-1, max-image-preview:large, max-video-preview:-1\" \/>\n<link rel=\"canonical\" href=\"https:\/\/www.thestorage.fr\/expositions\/a-venir\/\" \/>\n<meta property=\"og:locale\" content=\"en_US\" \/>\n<meta property=\"og:type\" content=\"article\" \/>\n<meta property=\"og:title\" content=\"A VENIR - thestorage.fr\" \/>\n<meta property=\"og:description\" content=\"[vc_row content_placement=&#8221;middle&#8221; css=&#8221;.vc_custom_1545158325090{padding-top: 0px !important;background-color: #ffffff !important;}&#8221; el_class=&#8221;ghj&#8221;][vc_column el_class=&#8221;hy&#8221;][vc_row_inner][vc_column_inner width=&#8221;4\/12&#8243;][vc_column_text css=&#8221;.vc_custom_1545248671755{margin-bottom: 10px !important;}&#8221;] A VENIR [\/vc_column_text][\/vc_column_inner][vc_column_inner width=&#8221;8\/12&#8243;][\/vc_column_inner][\/vc_row_inner][vc_separator border_width=&#8221;3&#8243; css=&#8221;.vc_custom_1545233007592{margin-bottom: 5px !important;}&#8221;][vc_row_inner][vc_column_inner width=&#8221;4\/12&#8243; el_id=&#8221;biographie&#8221;][\/vc_column_inner][vc_column_inner el_class=&#8221;lol&#8221; width=&#8221;2\/12&#8243;][\/vc_column_inner][vc_column_inner el_class=&#8221;lol&#8221; width=&#8221;2\/12&#8243;][vc_custom_heading text=&#8221;EXPOSITION&#8221; font_container=&#8221;tag:h2|font_size:15|text_align:center&#8221; use_theme_fonts=&#8221;yes&#8221; link=&#8221;url:http%3A%2F%2Fthestorage.fr%2Fexpositions%2Fen-cours%2F%23|||&#8221;][\/vc_column_inner][vc_column_inner el_class=&#8221;lol&#8221; width=&#8221;2\/12&#8243;][vc_custom_heading text=&#8221;VERNISSAGE&#8221; font_container=&#8221;tag:h2|font_size:15|text_align:center&#8221; use_theme_fonts=&#8221;yes&#8221; link=&#8221;url:http%3A%2F%2Fthestorage.fr%2Fexpositions%2Fen-cours%2F%23vernissage|||&#8221; el_class=&#8221;hj&#8221; css=&#8221;.vc_custom_1545248516076{padding-left: 20px !important;}&#8221;][\/vc_column_inner][vc_column_inner el_class=&#8221;lol&#8221; width=&#8221;2\/12&#8243;][vc_custom_heading text=&#8221;VERSUS&#8221; font_container=&#8221;tag:h2|font_size:15|text_align:center&#8221; use_theme_fonts=&#8221;yes&#8221; link=&#8221;url:http%3A%2F%2Fthestorage.fr%2Fexpositions%2Fen-cours%2F%23versus|||&#8221; el_class=&#8221;hj&#8221; css=&#8221;.vc_custom_1545248534086{padding-left: 17px !important;}&#8221;][\/vc_column_inner][\/vc_row_inner][\/vc_column][\/vc_row][vc_row][vc_column el_id=&#8221;biographie&#8221;][vc_row_inner][vc_column_inner][vc_empty_space height=&#8221;50&#8243;][\/vc_column_inner][\/vc_row_inner][vc_row_inner][vc_column_inner][vc_custom_heading text=&#8221;EXPOSITION&#8221; font_container=&#8221;tag:h3|text_align:left&#8221;&hellip;\" \/>\n<meta property=\"og:url\" content=\"https:\/\/www.thestorage.fr\/expositions\/a-venir\/\" \/>\n<meta property=\"og:site_name\" content=\"thestorage.fr\" \/>\n<meta property=\"article:modified_time\" content=\"2018-12-19T19:44:57+00:00\" \/>\n<meta name=\"twitter:card\" content=\"summary_large_image\" \/>\n<meta name=\"twitter:label1\" content=\"Est. reading time\" \/>\n\t<meta name=\"twitter:data1\" content=\"5 minutes\" \/>\n<script type=\"application\/ld+json\" class=\"yoast-schema-graph\">{\"@context\":\"https:\/\/schema.org\",\"@graph\":[{\"@type\":\"WebPage\",\"@id\":\"https:\/\/www.thestorage.fr\/expositions\/a-venir\/\",\"url\":\"https:\/\/www.thestorage.fr\/expositions\/a-venir\/\",\"name\":\"A VENIR - thestorage.fr\",\"isPartOf\":{\"@id\":\"https:\/\/www.thestorage.fr\/en\/#website\"},\"datePublished\":\"2018-12-12T18:12:56+00:00\",\"dateModified\":\"2018-12-19T19:44:57+00:00\",\"breadcrumb\":{\"@id\":\"https:\/\/www.thestorage.fr\/expositions\/a-venir\/#breadcrumb\"},\"inLanguage\":\"en-US\",\"potentialAction\":[{\"@type\":\"ReadAction\",\"target\":[\"https:\/\/www.thestorage.fr\/expositions\/a-venir\/\"]}]},{\"@type\":\"BreadcrumbList\",\"@id\":\"https:\/\/www.thestorage.fr\/expositions\/a-venir\/#breadcrumb\",\"itemListElement\":[{\"@type\":\"ListItem\",\"position\":1,\"name\":\"Home\",\"item\":\"https:\/\/www.thestorage.fr\/\"},{\"@type\":\"ListItem\",\"position\":2,\"name\":\"EXPOSITIONS\",\"item\":\"https:\/\/www.thestorage.fr\/expositions\/\"},{\"@type\":\"ListItem\",\"position\":3,\"name\":\"A VENIR\"}]},{\"@type\":\"WebSite\",\"@id\":\"https:\/\/www.thestorage.fr\/en\/#website\",\"url\":\"https:\/\/www.thestorage.fr\/en\/\",\"name\":\"thestorage.fr\",\"description\":\"\",\"potentialAction\":[{\"@type\":\"SearchAction\",\"target\":{\"@type\":\"EntryPoint\",\"urlTemplate\":\"https:\/\/www.thestorage.fr\/en\/?s={search_term_string}\"},\"query-input\":{\"@type\":\"PropertyValueSpecification\",\"valueRequired\":true,\"valueName\":\"search_term_string\"}}],\"inLanguage\":\"en-US\"}]}<\/script>\n<!-- \/ Yoast SEO plugin. -->","yoast_head_json":{"title":"A VENIR - thestorage.fr","robots":{"index":"index","follow":"follow","max-snippet":"max-snippet:-1","max-image-preview":"max-image-preview:large","max-video-preview":"max-video-preview:-1"},"canonical":"https:\/\/www.thestorage.fr\/expositions\/a-venir\/","og_locale":"en_US","og_type":"article","og_title":"A VENIR - thestorage.fr","og_description":"[vc_row content_placement=&#8221;middle&#8221; css=&#8221;.vc_custom_1545158325090{padding-top: 0px !important;background-color: #ffffff !important;}&#8221; el_class=&#8221;ghj&#8221;][vc_column el_class=&#8221;hy&#8221;][vc_row_inner][vc_column_inner width=&#8221;4\/12&#8243;][vc_column_text css=&#8221;.vc_custom_1545248671755{margin-bottom: 10px !important;}&#8221;] A VENIR [\/vc_column_text][\/vc_column_inner][vc_column_inner width=&#8221;8\/12&#8243;][\/vc_column_inner][\/vc_row_inner][vc_separator border_width=&#8221;3&#8243; css=&#8221;.vc_custom_1545233007592{margin-bottom: 5px !important;}&#8221;][vc_row_inner][vc_column_inner width=&#8221;4\/12&#8243; el_id=&#8221;biographie&#8221;][\/vc_column_inner][vc_column_inner el_class=&#8221;lol&#8221; width=&#8221;2\/12&#8243;][\/vc_column_inner][vc_column_inner el_class=&#8221;lol&#8221; width=&#8221;2\/12&#8243;][vc_custom_heading text=&#8221;EXPOSITION&#8221; font_container=&#8221;tag:h2|font_size:15|text_align:center&#8221; use_theme_fonts=&#8221;yes&#8221; link=&#8221;url:http%3A%2F%2Fthestorage.fr%2Fexpositions%2Fen-cours%2F%23|||&#8221;][\/vc_column_inner][vc_column_inner el_class=&#8221;lol&#8221; width=&#8221;2\/12&#8243;][vc_custom_heading text=&#8221;VERNISSAGE&#8221; font_container=&#8221;tag:h2|font_size:15|text_align:center&#8221; use_theme_fonts=&#8221;yes&#8221; link=&#8221;url:http%3A%2F%2Fthestorage.fr%2Fexpositions%2Fen-cours%2F%23vernissage|||&#8221; el_class=&#8221;hj&#8221; css=&#8221;.vc_custom_1545248516076{padding-left: 20px !important;}&#8221;][\/vc_column_inner][vc_column_inner el_class=&#8221;lol&#8221; width=&#8221;2\/12&#8243;][vc_custom_heading text=&#8221;VERSUS&#8221; font_container=&#8221;tag:h2|font_size:15|text_align:center&#8221; use_theme_fonts=&#8221;yes&#8221; link=&#8221;url:http%3A%2F%2Fthestorage.fr%2Fexpositions%2Fen-cours%2F%23versus|||&#8221; el_class=&#8221;hj&#8221; css=&#8221;.vc_custom_1545248534086{padding-left: 17px !important;}&#8221;][\/vc_column_inner][\/vc_row_inner][\/vc_column][\/vc_row][vc_row][vc_column el_id=&#8221;biographie&#8221;][vc_row_inner][vc_column_inner][vc_empty_space height=&#8221;50&#8243;][\/vc_column_inner][\/vc_row_inner][vc_row_inner][vc_column_inner][vc_custom_heading text=&#8221;EXPOSITION&#8221; font_container=&#8221;tag:h3|text_align:left&#8221;&hellip;","og_url":"https:\/\/www.thestorage.fr\/expositions\/a-venir\/","og_site_name":"thestorage.fr","article_modified_time":"2018-12-19T19:44:57+00:00","twitter_card":"summary_large_image","twitter_misc":{"Est. reading time":"5 minutes"},"schema":{"@context":"https:\/\/schema.org","@graph":[{"@type":"WebPage","@id":"https:\/\/www.thestorage.fr\/expositions\/a-venir\/","url":"https:\/\/www.thestorage.fr\/expositions\/a-venir\/","name":"A VENIR - thestorage.fr","isPartOf":{"@id":"https:\/\/www.thestorage.fr\/en\/#website"},"datePublished":"2018-12-12T18:12:56+00:00","dateModified":"2018-12-19T19:44:57+00:00","breadcrumb":{"@id":"https:\/\/www.thestorage.fr\/expositions\/a-venir\/#breadcrumb"},"inLanguage":"en-US","potentialAction":[{"@type":"ReadAction","target":["https:\/\/www.thestorage.fr\/expositions\/a-venir\/"]}]},{"@type":"BreadcrumbList","@id":"https:\/\/www.thestorage.fr\/expositions\/a-venir\/#breadcrumb","itemListElement":[{"@type":"ListItem","position":1,"name":"Home","item":"https:\/\/www.thestorage.fr\/"},{"@type":"ListItem","position":2,"name":"EXPOSITIONS","item":"https:\/\/www.thestorage.fr\/expositions\/"},{"@type":"ListItem","position":3,"name":"A VENIR"}]},{"@type":"WebSite","@id":"https:\/\/www.thestorage.fr\/en\/#website","url":"https:\/\/www.thestorage.fr\/en\/","name":"thestorage.fr","description":"","potentialAction":[{"@type":"SearchAction","target":{"@type":"EntryPoint","urlTemplate":"https:\/\/www.thestorage.fr\/en\/?s={search_term_string}"},"query-input":{"@type":"PropertyValueSpecification","valueRequired":true,"valueName":"search_term_string"}}],"inLanguage":"en-US"}]}},"_links":{"self":[{"href":"https:\/\/www.thestorage.fr\/en\/wp-json\/wp\/v2\/pages\/333"}],"collection":[{"href":"https:\/\/www.thestorage.fr\/en\/wp-json\/wp\/v2\/pages"}],"about":[{"href":"https:\/\/www.thestorage.fr\/en\/wp-json\/wp\/v2\/types\/page"}],"author":[{"embeddable":true,"href":"https:\/\/www.thestorage.fr\/en\/wp-json\/wp\/v2\/users\/2"}],"replies":[{"embeddable":true,"href":"https:\/\/www.thestorage.fr\/en\/wp-json\/wp\/v2\/comments?post=333"}],"version-history":[{"count":4,"href":"https:\/\/www.thestorage.fr\/en\/wp-json\/wp\/v2\/pages\/333\/revisions"}],"predecessor-version":[{"id":541,"href":"https:\/\/www.thestorage.fr\/en\/wp-json\/wp\/v2\/pages\/333\/revisions\/541"}],"up":[{"embeddable":true,"href":"https:\/\/www.thestorage.fr\/en\/wp-json\/wp\/v2\/pages\/218"}],"wp:attachment":[{"href":"https:\/\/www.thestorage.fr\/en\/wp-json\/wp\/v2\/media?parent=333"}],"curies":[{"name":"wp","href":"https:\/\/api.w.org\/{rel}","templated":true}]}}