{"id":256,"date":"2018-11-30T18:22:55","date_gmt":"2018-11-30T18:22:55","guid":{"rendered":"https:\/\/thestorage.fr\/?page_id=256"},"modified":"2019-10-23T20:53:29","modified_gmt":"2019-10-23T20:53:29","slug":"medias","status":"publish","type":"page","link":"https:\/\/www.thestorage.fr\/en\/medias\/","title":{"rendered":"MEDIAS"},"content":{"rendered":"<div class=\"wpb-content-wrapper\"><p>[vc_row content_placement=&#8221;middle&#8221; el_class=&#8221;h&#8221;][vc_column width=&#8221;4\/12&#8243; el_class=&#8221;hy&#8221;][vc_column_text css=&#8221;.vc_custom_1545249690240{margin-bottom: 10px !important;}&#8221;]<\/p>\n<p style=\"text-align: left;\"><span style=\"font-size: 18pt;\"><strong><span style=\"font-family: montserrat, arial, sans-serif;\">THE STORAGE<\/span><\/strong><\/span><\/p>\n<p>[\/vc_column_text][vc_separator color=&#8221;custom&#8221; align=&#8221;align_left&#8221; border_width=&#8221;3&#8243; accent_color=&#8221;#f1f1f1&#8243;]<div class=\" ubtn-ctn-center \"><a class=\"ubtn-link ult-adjust-bottom-margin ubtn-center ubtn-normal \" href=\"http:\/\/thestorage.fr\/medias\/the-storage\/\" ><button type=\"button\" id=\"ubtn-1647\"  class=\"ubtn ult-adjust-bottom-margin ult-responsive ubtn-normal ubtn-no-hover-bg  none  ubtn-center   tooltip-69f4a0eae09d1\"  data-hover=\"#0c0c0c\" data-border-color=\"#f1f1f1\" data-bg=\"#ffffff\" data-hover-bg=\"#f1f1f1\" data-border-hover=\"#f1f1f1\" data-shadow-hover=\"\" data-shadow-click=\"none\" data-shadow=\"\" data-shd-shadow=\"\"  data-ultimate-target='#ubtn-1647'  data-responsive-json-new='{\"font-size\":\"\",\"line-height\":\"\"}'  style=\"font-weight:normal;border-radius:0px;border-width:2px;border-color:#f1f1f1;border-style:solid;background: #ffffff;color: #000000;\"><span class=\"ubtn-hover\" style=\"background-color:#f1f1f1\"><\/span><span class=\"ubtn-data ubtn-text \" >SEE MEDIA<\/span><\/button><\/a><\/div>[\/vc_column][vc_column width=&#8221;8\/12&#8243; el_class=&#8221;lll&#8221;][vc_row_inner][vc_column_inner width=&#8221;1\/3&#8243;][vc_single_image image=&#8221;774&#8243; img_size=&#8221;250&#215;280&#8243; alignment=&#8221;center&#8221; onclick=&#8221;custom_link&#8221; link=&#8221;https:\/\/www.thestorage.fr\/medias\/the-storage\/&#8221;][\/vc_column_inner][vc_column_inner el_class=&#8221;x&#8221; width=&#8221;1\/3&#8243;][vc_single_image image=&#8221;775&#8243; img_size=&#8221;250&#215;280&#8243; alignment=&#8221;center&#8221; onclick=&#8221;custom_link&#8221; link=&#8221;https:\/\/www.thestorage.fr\/medias\/the-storage\/&#8221;][\/vc_column_inner][vc_column_inner width=&#8221;1\/3&#8243;][vc_single_image image=&#8221;776&#8243; img_size=&#8221;250&#215;280&#8243; alignment=&#8221;center&#8221; onclick=&#8221;custom_link&#8221; link=&#8221;https:\/\/www.thestorage.fr\/medias\/the-storage\/&#8221;][\/vc_column_inner][\/vc_row_inner][\/vc_column][\/vc_row][vc_row css=&#8221;.vc_custom_1551277685171{padding-top: 10px !important;}&#8221;][vc_column width=&#8221;4\/12&#8243; el_class=&#8221;hy&#8221;][vc_empty_space height=&#8221;50&#8243;][vc_column_text css=&#8221;.vc_custom_1571086710505{margin-bottom: 10px !important;}&#8221;]<\/p>\n<p style=\"text-align: left;\"><span style=\"font-size: 18pt;\"><strong><span style=\"font-family: montserrat, arial, sans-serif;\">ARTISTS<\/span><\/strong><\/span><\/p>\n<p>[\/vc_column_text][vc_separator color=&#8221;custom&#8221; align=&#8221;align_left&#8221; border_width=&#8221;3&#8243; accent_color=&#8221;#f1f1f1&#8243;][\/vc_column][vc_column width=&#8221;8\/12&#8243; el_class=&#8221;lll&#8221;][vc_row_inner][vc_column_inner width=&#8221;1\/3&#8243;]<div tabindex=\"0\" class=\"ult-new-ib ult-ib-effect-style2  ult-ib-resp ult-ib2-min-height \" data-min-width=\"768\" data-max-width=\"900\" style=\"background:#f1f1f1; opacity:0; \" data-opacity=\"1\" data-hover-opacity=\"0.8\"  data-min-height=\"273\" ><div id=\"interactive-banner-wrap-9916\" class=\"ult-new-ib-desc\" style=\"\"><h2 class=\"ult-new-ib-title ult-responsive\"  data-ultimate-target='#interactive-banner-wrap-9916 .ult-new-ib-title'  data-responsive-json-new='{\"font-size\":\"desktop:25px;\",\"line-height\":\"\"}'  style=\"font-family:&#039;Montserrat&#039;;font-weight:500;color:#000000;\">PHILIPPE PASQUA<\/h2><\/div><a class=\"ult-new-ib-link\" href=\"http:\/\/thestorage.fr\/medias\/artistes\/philippe-pasqua\/\"  ><\/a><\/div>[\/vc_column_inner][vc_column_inner el_class=&#8221;x&#8221; width=&#8221;1\/3&#8243;]<div tabindex=\"0\" class=\"ult-new-ib ult-ib-effect-style2  ult-ib-resp ult-ib2-min-height \" data-min-width=\"768\" data-max-width=\"900\" style=\"background:#f1f1f1; opacity:0; \" data-opacity=\"1\" data-hover-opacity=\"0.8\"  data-min-height=\"273\" ><div id=\"interactive-banner-wrap-9466\" class=\"ult-new-ib-desc\" style=\"\"><h2 class=\"ult-new-ib-title ult-responsive\"  data-ultimate-target='#interactive-banner-wrap-9466 .ult-new-ib-title'  data-responsive-json-new='{\"font-size\":\"desktop:25px;\",\"line-height\":\"\"}'  style=\"font-family:&#039;Montserrat&#039;;font-weight:500;color:#0c0c0c;\">JAKE &amp; DINOS CHAPMAN<\/h2><\/div><a class=\"ult-new-ib-link\" href=\"http:\/\/thestorage.fr\/medias\/artistes\/jake-dinos-chapman\/\"  ><\/a><\/div>[\/vc_column_inner][vc_column_inner width=&#8221;1\/3&#8243;]<div tabindex=\"0\" class=\"ult-new-ib ult-ib-effect-style2  ult-ib-resp ult-ib2-min-height \" data-min-width=\"768\" data-max-width=\"900\" style=\"background:#f1f1f1; opacity:0; \" data-opacity=\"1\" data-hover-opacity=\"0.8\"  data-min-height=\"273\" ><div id=\"interactive-banner-wrap-9468\" class=\"ult-new-ib-desc\" style=\"\"><h2 class=\"ult-new-ib-title ult-responsive\"  data-ultimate-target='#interactive-banner-wrap-9468 .ult-new-ib-title'  data-responsive-json-new='{\"font-size\":\"desktop:25px;\",\"line-height\":\"\"}'  style=\"font-family:&#039;Montserrat&#039;;font-weight:500;color:#0c0c0c;\">KEITH HARING<\/h2><\/div><a class=\"ult-new-ib-link\" href=\"http:\/\/thestorage.fr\/medias\/artistes\/keith-haring\"  ><\/a><\/div>[\/vc_column_inner][\/vc_row_inner][vc_row_inner][vc_column_inner width=&#8221;1\/3&#8243;]<div tabindex=\"0\" class=\"ult-new-ib ult-ib-effect-style2  ult-ib-resp ult-ib2-min-height \" data-min-width=\"768\" data-max-width=\"900\" style=\"background:#f1f1f1; opacity:0; \" data-opacity=\"1\" data-hover-opacity=\"0.8\"  data-min-height=\"273\" ><div id=\"interactive-banner-wrap-9504\" class=\"ult-new-ib-desc\" style=\"\"><h2 class=\"ult-new-ib-title ult-responsive\"  data-ultimate-target='#interactive-banner-wrap-9504 .ult-new-ib-title'  data-responsive-json-new='{\"font-size\":\"desktop:25px;\",\"line-height\":\"\"}'  style=\"font-family:&#039;Montserrat&#039;;font-weight:500;color:#0c0c0c;\">TOM WESSELMANN<\/h2><\/div><a class=\"ult-new-ib-link\" href=\"http:\/\/thestorage.fr\/medias\/artistes\/tom-wesselmann\"  ><\/a><\/div>[\/vc_column_inner][vc_column_inner el_class=&#8221;x&#8221; width=&#8221;1\/3&#8243;]<div tabindex=\"0\" class=\"ult-new-ib ult-ib-effect-style2  ult-ib-resp ult-ib2-min-height \" data-min-width=\"768\" data-max-width=\"900\" style=\"background:#f1f1f1; opacity:0; \" data-opacity=\"1\" data-hover-opacity=\"0.8\"  data-min-height=\"273\" ><div id=\"interactive-banner-wrap-5800\" class=\"ult-new-ib-desc\" style=\"\"><h2 class=\"ult-new-ib-title ult-responsive\"  data-ultimate-target='#interactive-banner-wrap-5800 .ult-new-ib-title'  data-responsive-json-new='{\"font-size\":\"desktop:25px;\",\"line-height\":\"\"}'  style=\"font-family:&#039;Montserrat&#039;;font-weight:500;color:#0c0c0c;\">JONATHAN MEESE<\/h2><\/div><a class=\"ult-new-ib-link\" href=\"http:\/\/thestorage.fr\/medias\/artistes\/jonathan-meese\"  ><\/a><\/div>[\/vc_column_inner][vc_column_inner width=&#8221;1\/3&#8243;][\/vc_column_inner][\/vc_row_inner][\/vc_column][\/vc_row]<\/p>\n<\/div>","protected":false},"excerpt":{"rendered":"<p>[vc_row content_placement=&#8221;middle&#8221; el_class=&#8221;h&#8221;][vc_column width=&#8221;4\/12&#8243; el_class=&#8221;hy&#8221;][vc_column_text css=&#8221;.vc_custom_1545249690240{margin-bottom: 10px !important;}&#8221;] THE STORAGE [\/vc_column_text][vc_separator color=&#8221;custom&#8221; align=&#8221;align_left&#8221; border_width=&#8221;3&#8243; accent_color=&#8221;#f1f1f1&#8243;][\/vc_column][vc_column width=&#8221;8\/12&#8243; el_class=&#8221;lll&#8221;][vc_row_inner][vc_column_inner width=&#8221;1\/3&#8243;][vc_single_image image=&#8221;774&#8243; img_size=&#8221;250&#215;280&#8243; alignment=&#8221;center&#8221; onclick=&#8221;custom_link&#8221; link=&#8221;https:\/\/www.thestorage.fr\/medias\/the-storage\/&#8221;][\/vc_column_inner][vc_column_inner el_class=&#8221;x&#8221; width=&#8221;1\/3&#8243;][vc_single_image image=&#8221;775&#8243; img_size=&#8221;250&#215;280&#8243; alignment=&#8221;center&#8221; onclick=&#8221;custom_link&#8221; link=&#8221;https:\/\/www.thestorage.fr\/medias\/the-storage\/&#8221;][\/vc_column_inner][vc_column_inner width=&#8221;1\/3&#8243;][vc_single_image image=&#8221;776&#8243; img_size=&#8221;250&#215;280&#8243; alignment=&#8221;center&#8221; onclick=&#8221;custom_link&#8221; link=&#8221;https:\/\/www.thestorage.fr\/medias\/the-storage\/&#8221;][\/vc_column_inner][\/vc_row_inner][\/vc_column][\/vc_row][vc_row css=&#8221;.vc_custom_1551277685171{padding-top: 10px !important;}&#8221;][vc_column width=&#8221;4\/12&#8243; el_class=&#8221;hy&#8221;][vc_empty_space height=&#8221;50&#8243;][vc_column_text css=&#8221;.vc_custom_1571086710505{margin-bottom: 10px !important;}&#8221;] ARTISTS [\/vc_column_text][vc_separator color=&#8221;custom&#8221; align=&#8221;align_left&#8221; border_width=&#8221;3&#8243; accent_color=&#8221;#f1f1f1&#8243;][\/vc_column][vc_column width=&#8221;8\/12&#8243; el_class=&#8221;lll&#8221;][vc_row_inner][vc_column_inner width=&#8221;1\/3&#8243;][\/vc_column_inner][vc_column_inner el_class=&#8221;x&#8221;&hellip;<\/p>\n","protected":false},"author":2,"featured_media":0,"parent":0,"menu_order":0,"comment_status":"closed","ping_status":"closed","template":"","meta":{"_exactmetrics_skip_tracking":false,"_exactmetrics_sitenote_active":false,"_exactmetrics_sitenote_note":"","_exactmetrics_sitenote_category":0,"footnotes":""},"class_list":["post-256","page","type-page","status-publish","hentry","description-off"],"yoast_head":"<!-- This site is optimized with the Yoast SEO plugin v25.6 - https:\/\/yoast.com\/wordpress\/plugins\/seo\/ -->\n<title>LES MEDIAS DU STORAGE - GALERIE D&#039;ART \u00c0 PARIS<\/title>\n<meta name=\"description\" content=\"D\u00e9couvrez un aper\u00e7u de l&#039;ensemble des oeurvres pr\u00e9sentent au storages ainsi que l&#039;ensemble des oeuvres de chaque artiste pr\u00e9sent au sein de la galerie.\" \/>\n<meta name=\"robots\" content=\"index, follow, max-snippet:-1, max-image-preview:large, max-video-preview:-1\" \/>\n<link rel=\"canonical\" href=\"https:\/\/www.thestorage.fr\/medias\/\" \/>\n<meta property=\"og:locale\" content=\"en_US\" \/>\n<meta property=\"og:type\" content=\"article\" \/>\n<meta property=\"og:title\" content=\"LES MEDIAS DU STORAGE - GALERIE D&#039;ART \u00c0 PARIS\" \/>\n<meta property=\"og:description\" content=\"D\u00e9couvrez un aper\u00e7u de l&#039;ensemble des oeurvres pr\u00e9sentent au storages ainsi que l&#039;ensemble des oeuvres de chaque artiste pr\u00e9sent au sein de la galerie.\" \/>\n<meta property=\"og:url\" content=\"https:\/\/www.thestorage.fr\/medias\/\" \/>\n<meta property=\"og:site_name\" content=\"thestorage.fr\" \/>\n<meta property=\"article:modified_time\" content=\"2019-10-23T20:53:29+00:00\" \/>\n<meta name=\"twitter:card\" content=\"summary_large_image\" \/>\n<meta name=\"twitter:label1\" content=\"Est. reading time\" \/>\n\t<meta name=\"twitter:data1\" content=\"7 minutes\" \/>\n<script type=\"application\/ld+json\" class=\"yoast-schema-graph\">{\"@context\":\"https:\/\/schema.org\",\"@graph\":[{\"@type\":\"WebPage\",\"@id\":\"https:\/\/www.thestorage.fr\/medias\/\",\"url\":\"https:\/\/www.thestorage.fr\/medias\/\",\"name\":\"LES MEDIAS DU STORAGE - GALERIE D'ART \u00c0 PARIS\",\"isPartOf\":{\"@id\":\"https:\/\/www.thestorage.fr\/en\/#website\"},\"datePublished\":\"2018-11-30T18:22:55+00:00\",\"dateModified\":\"2019-10-23T20:53:29+00:00\",\"description\":\"D\u00e9couvrez un aper\u00e7u de l'ensemble des oeurvres pr\u00e9sentent au storages ainsi que l'ensemble des oeuvres de chaque artiste pr\u00e9sent au sein de la galerie.\",\"breadcrumb\":{\"@id\":\"https:\/\/www.thestorage.fr\/medias\/#breadcrumb\"},\"inLanguage\":\"en-US\",\"potentialAction\":[{\"@type\":\"ReadAction\",\"target\":[\"https:\/\/www.thestorage.fr\/medias\/\"]}]},{\"@type\":\"BreadcrumbList\",\"@id\":\"https:\/\/www.thestorage.fr\/medias\/#breadcrumb\",\"itemListElement\":[{\"@type\":\"ListItem\",\"position\":1,\"name\":\"Home\",\"item\":\"https:\/\/www.thestorage.fr\/\"},{\"@type\":\"ListItem\",\"position\":2,\"name\":\"MEDIAS\"}]},{\"@type\":\"WebSite\",\"@id\":\"https:\/\/www.thestorage.fr\/en\/#website\",\"url\":\"https:\/\/www.thestorage.fr\/en\/\",\"name\":\"thestorage.fr\",\"description\":\"\",\"potentialAction\":[{\"@type\":\"SearchAction\",\"target\":{\"@type\":\"EntryPoint\",\"urlTemplate\":\"https:\/\/www.thestorage.fr\/en\/?s={search_term_string}\"},\"query-input\":{\"@type\":\"PropertyValueSpecification\",\"valueRequired\":true,\"valueName\":\"search_term_string\"}}],\"inLanguage\":\"en-US\"}]}<\/script>\n<!-- \/ Yoast SEO plugin. -->","yoast_head_json":{"title":"LES MEDIAS DU STORAGE - GALERIE D'ART \u00c0 PARIS","description":"D\u00e9couvrez un aper\u00e7u de l'ensemble des oeurvres pr\u00e9sentent au storages ainsi que l'ensemble des oeuvres de chaque artiste pr\u00e9sent au sein de la galerie.","robots":{"index":"index","follow":"follow","max-snippet":"max-snippet:-1","max-image-preview":"max-image-preview:large","max-video-preview":"max-video-preview:-1"},"canonical":"https:\/\/www.thestorage.fr\/medias\/","og_locale":"en_US","og_type":"article","og_title":"LES MEDIAS DU STORAGE - GALERIE D'ART \u00c0 PARIS","og_description":"D\u00e9couvrez un aper\u00e7u de l'ensemble des oeurvres pr\u00e9sentent au storages ainsi que l'ensemble des oeuvres de chaque artiste pr\u00e9sent au sein de la galerie.","og_url":"https:\/\/www.thestorage.fr\/medias\/","og_site_name":"thestorage.fr","article_modified_time":"2019-10-23T20:53:29+00:00","twitter_card":"summary_large_image","twitter_misc":{"Est. reading time":"7 minutes"},"schema":{"@context":"https:\/\/schema.org","@graph":[{"@type":"WebPage","@id":"https:\/\/www.thestorage.fr\/medias\/","url":"https:\/\/www.thestorage.fr\/medias\/","name":"LES MEDIAS DU STORAGE - GALERIE D'ART \u00c0 PARIS","isPartOf":{"@id":"https:\/\/www.thestorage.fr\/en\/#website"},"datePublished":"2018-11-30T18:22:55+00:00","dateModified":"2019-10-23T20:53:29+00:00","description":"D\u00e9couvrez un aper\u00e7u de l'ensemble des oeurvres pr\u00e9sentent au storages ainsi que l'ensemble des oeuvres de chaque artiste pr\u00e9sent au sein de la galerie.","breadcrumb":{"@id":"https:\/\/www.thestorage.fr\/medias\/#breadcrumb"},"inLanguage":"en-US","potentialAction":[{"@type":"ReadAction","target":["https:\/\/www.thestorage.fr\/medias\/"]}]},{"@type":"BreadcrumbList","@id":"https:\/\/www.thestorage.fr\/medias\/#breadcrumb","itemListElement":[{"@type":"ListItem","position":1,"name":"Home","item":"https:\/\/www.thestorage.fr\/"},{"@type":"ListItem","position":2,"name":"MEDIAS"}]},{"@type":"WebSite","@id":"https:\/\/www.thestorage.fr\/en\/#website","url":"https:\/\/www.thestorage.fr\/en\/","name":"thestorage.fr","description":"","potentialAction":[{"@type":"SearchAction","target":{"@type":"EntryPoint","urlTemplate":"https:\/\/www.thestorage.fr\/en\/?s={search_term_string}"},"query-input":{"@type":"PropertyValueSpecification","valueRequired":true,"valueName":"search_term_string"}}],"inLanguage":"en-US"}]}},"_links":{"self":[{"href":"https:\/\/www.thestorage.fr\/en\/wp-json\/wp\/v2\/pages\/256"}],"collection":[{"href":"https:\/\/www.thestorage.fr\/en\/wp-json\/wp\/v2\/pages"}],"about":[{"href":"https:\/\/www.thestorage.fr\/en\/wp-json\/wp\/v2\/types\/page"}],"author":[{"embeddable":true,"href":"https:\/\/www.thestorage.fr\/en\/wp-json\/wp\/v2\/users\/2"}],"replies":[{"embeddable":true,"href":"https:\/\/www.thestorage.fr\/en\/wp-json\/wp\/v2\/comments?post=256"}],"version-history":[{"count":5,"href":"https:\/\/www.thestorage.fr\/en\/wp-json\/wp\/v2\/pages\/256\/revisions"}],"predecessor-version":[{"id":1131,"href":"https:\/\/www.thestorage.fr\/en\/wp-json\/wp\/v2\/pages\/256\/revisions\/1131"}],"wp:attachment":[{"href":"https:\/\/www.thestorage.fr\/en\/wp-json\/wp\/v2\/media?parent=256"}],"curies":[{"name":"wp","href":"https:\/\/api.w.org\/{rel}","templated":true}]}}